{"id":1830,"date":"2025-11-18T15:23:59","date_gmt":"2025-11-18T15:23:59","guid":{"rendered":"https:\/\/btzmedical.com\/lumifil\/"},"modified":"2026-03-02T13:39:06","modified_gmt":"2026-03-02T13:39:06","slug":"lumifil","status":"publish","type":"page","link":"https:\/\/btzmedical.com\/es\/lumifil\/","title":{"rendered":"Lumifil"},"content":{"rendered":"\t\t<div data-elementor-type=\"wp-page\" data-elementor-id=\"1830\" class=\"elementor elementor-1830 elementor-53\" data-elementor-post-type=\"page\">\n\t\t\t\t<div class=\"elementor-element elementor-element-4a533303 e-flex e-con-boxed elementor-invisible e-con e-parent\" data-id=\"4a533303\" data-element_type=\"container\" data-e-type=\"container\" data-settings=\"{&quot;animation&quot;:&quot;fadeIn&quot;}\">\n\t\t\t\t\t<div class=\"e-con-inner\">\n\t\t<div class=\"elementor-element elementor-element-642d9c51 e-con-full e-flex e-con e-child\" data-id=\"642d9c51\" data-element_type=\"container\" data-e-type=\"container\">\n\t\t\t\t<div class=\"elementor-element elementor-element-5dfd8a44 elementor-widget elementor-widget-heading\" data-id=\"5dfd8a44\" data-element_type=\"widget\" data-e-type=\"widget\" data-widget_type=\"heading.default\">\n\t\t\t\t\t<h2 class=\"elementor-heading-title elementor-size-default\">LUMIFIL L-Max con Lidoca\u00edna<\/h2>\t\t\t\t<\/div>\n\t\t\t\t<div class=\"elementor-element elementor-element-5c44a8e5 elementor-widget elementor-widget-text-editor\" data-id=\"5c44a8e5\" data-element_type=\"widget\" data-e-type=\"widget\" data-widget_type=\"text-editor.default\">\n\t\t\t\t\t\t\t\t\t<p class=\"p1\">Ideal para zonas subcut\u00e1neas (Sub-Q), incluyendo el aumento de nariz, p\u00f3mulos, mand\u00edbula y ment\u00f3n, LUMIFIL Max es el producto m\u00e1s denso y duradero de la gama LUMIFIL. Constituye la elecci\u00f3n ideal para el aumento facial cuando se deben crear estructuras profundas y bien definidas. <\/p><p class=\"p1\">LUMIFIL Max es un relleno d\u00e9rmico a base de \u00e1cido hialur\u00f3nico (AH) de pureza ultrahigh.<\/p><p class=\"p1\">Los efectos son eficaces durante aproximadamente 9 a 15 meses.<\/p>\t\t\t\t\t\t\t\t<\/div>\n\t\t\t\t<\/div>\n\t\t<div class=\"elementor-element elementor-element-3951b894 e-con-full e-flex e-con e-child\" data-id=\"3951b894\" data-element_type=\"container\" data-e-type=\"container\">\n\t\t\t\t<div class=\"elementor-element elementor-element-41fffaee elementor-widget elementor-widget-image\" data-id=\"41fffaee\" data-element_type=\"widget\" data-e-type=\"widget\" data-widget_type=\"image.default\">\n\t\t\t\t\t\t\t\t\t\t\t\t\t\t\t<img fetchpriority=\"high\" decoding=\"async\" width=\"780\" height=\"780\" src=\"https:\/\/btzmedical.com\/wp-content\/uploads\/2026\/02\/IMGL0360.webp\" class=\"attachment-large size-large wp-image-1834\" alt=\"lumifil l max con coda\u00edna\" srcset=\"https:\/\/btzmedical.com\/wp-content\/uploads\/2026\/02\/IMGL0360.webp 780w, https:\/\/btzmedical.com\/wp-content\/uploads\/2026\/02\/IMGL0360-300x300.webp 300w, https:\/\/btzmedical.com\/wp-content\/uploads\/2026\/02\/IMGL0360-150x150.webp 150w, https:\/\/btzmedical.com\/wp-content\/uploads\/2026\/02\/IMGL0360-768x768.webp 768w\" sizes=\"(max-width: 780px) 100vw, 780px\" \/>\t\t\t\t\t\t\t\t\t\t\t\t\t\t\t<\/div>\n\t\t\t\t<\/div>\n\t\t\t\t\t<\/div>\n\t\t\t\t<\/div>\n\t\t<div class=\"elementor-element elementor-element-4b808cc7 elementor-hidden-tablet elementor-hidden-mobile e-flex e-con-boxed elementor-invisible e-con e-parent\" data-id=\"4b808cc7\" data-element_type=\"container\" data-e-type=\"container\" data-settings=\"{&quot;animation&quot;:&quot;fadeIn&quot;}\">\n\t\t\t\t\t<div class=\"e-con-inner\">\n\t\t<div class=\"elementor-element elementor-element-1b47bdcd e-con-full e-flex e-con e-child\" data-id=\"1b47bdcd\" data-element_type=\"container\" data-e-type=\"container\">\n\t\t\t\t<div class=\"elementor-element elementor-element-119e5b3e elementor-widget elementor-widget-image\" data-id=\"119e5b3e\" data-element_type=\"widget\" data-e-type=\"widget\" data-widget_type=\"image.default\">\n\t\t\t\t\t\t\t\t\t\t\t\t\t\t\t<img decoding=\"async\" width=\"800\" height=\"800\" src=\"https:\/\/btzmedical.com\/wp-content\/uploads\/2026\/02\/IMGL0373-1.webp\" class=\"attachment-large size-large wp-image-1835\" alt=\"LUMIFIL L-Lite con Lidoca\u00edna\" srcset=\"https:\/\/btzmedical.com\/wp-content\/uploads\/2026\/02\/IMGL0373-1.webp 822w, https:\/\/btzmedical.com\/wp-content\/uploads\/2026\/02\/IMGL0373-1-300x300.webp 300w, https:\/\/btzmedical.com\/wp-content\/uploads\/2026\/02\/IMGL0373-1-150x150.webp 150w, https:\/\/btzmedical.com\/wp-content\/uploads\/2026\/02\/IMGL0373-1-768x768.webp 768w\" sizes=\"(max-width: 800px) 100vw, 800px\" \/>\t\t\t\t\t\t\t\t\t\t\t\t\t\t\t<\/div>\n\t\t\t\t<\/div>\n\t\t<div class=\"elementor-element elementor-element-6d420aef e-con-full e-flex e-con e-child\" data-id=\"6d420aef\" data-element_type=\"container\" data-e-type=\"container\">\n\t\t\t\t<div class=\"elementor-element elementor-element-5ada40d elementor-widget elementor-widget-heading\" data-id=\"5ada40d\" data-element_type=\"widget\" data-e-type=\"widget\" data-widget_type=\"heading.default\">\n\t\t\t\t\t<h2 class=\"elementor-heading-title elementor-size-default\">LUMIFIL L-Lite con Lidoca\u00edna<\/h2>\t\t\t\t<\/div>\n\t\t\t\t<div class=\"elementor-element elementor-element-558bb23 elementor-widget elementor-widget-text-editor\" data-id=\"558bb23\" data-element_type=\"widget\" data-e-type=\"widget\" data-widget_type=\"text-editor.default\">\n\t\t\t\t\t\t\t\t\t<p><span style=\"font-weight: 400;\">La elecci\u00f3n ideal para tratamientos de labios con trabajo de precisi\u00f3n.<\/span><\/p><p><span style=\"font-weight: 400;\">LUMIFIL Lite es un gel de relleno d\u00e9rmico a base de \u00e1cido hialur\u00f3nico ultrafino y de baja viscosidad, dise\u00f1ado para el tratamiento de l\u00edneas finas como las patas de gallo, las arrugas peribucales, el aumento de labios, as\u00ed como las arrugas leves de la frente.<\/span><\/p><p><span style=\"font-weight: 400;\">Tambi\u00e9n perfectamente adaptado a las t\u00e9cnicas de labios cl\u00e1sicas y rusas, este relleno es ideal para el trabajo de detalle preciso y el remodelado espec\u00edfico, permitiendo crear un volumen superior y un efecto lifting natural.<\/span><\/p><p><span style=\"font-weight: 400;\">Los resultados duran aproximadamente 12 a 15 meses, seg\u00fan las caracter\u00edsticas individuales de cada paciente.<\/span><\/p>\t\t\t\t\t\t\t\t<\/div>\n\t\t\t\t<\/div>\n\t\t\t\t\t<\/div>\n\t\t\t\t<\/div>\n\t\t<div class=\"elementor-element elementor-element-bc65caf elementor-hidden-desktop elementor-hidden-tablet e-flex e-con-boxed elementor-invisible e-con e-parent\" data-id=\"bc65caf\" data-element_type=\"container\" data-e-type=\"container\" data-settings=\"{&quot;animation&quot;:&quot;fadeIn&quot;}\">\n\t\t\t\t\t<div class=\"e-con-inner\">\n\t\t<div class=\"elementor-element elementor-element-0b65746 e-con-full e-flex e-con e-child\" data-id=\"0b65746\" data-element_type=\"container\" data-e-type=\"container\">\n\t\t\t\t<div class=\"elementor-element elementor-element-2db3e1b elementor-widget elementor-widget-heading\" data-id=\"2db3e1b\" data-element_type=\"widget\" data-e-type=\"widget\" data-widget_type=\"heading.default\">\n\t\t\t\t\t<h2 class=\"elementor-heading-title elementor-size-default\">LUMIFIL L-Lite con Lidoca\u00edna<\/h2>\t\t\t\t<\/div>\n\t\t\t\t<div class=\"elementor-element elementor-element-9d6658f elementor-widget elementor-widget-text-editor\" data-id=\"9d6658f\" data-element_type=\"widget\" data-e-type=\"widget\" data-widget_type=\"text-editor.default\">\n\t\t\t\t\t\t\t\t\t<p><span style=\"font-weight: 400;\">La elecci\u00f3n ideal para tratamientos de labios con trabajo de precisi\u00f3n.<\/span><\/p><p><span style=\"font-weight: 400;\">LUMIFIL Lite es un gel de relleno d\u00e9rmico a base de \u00e1cido hialur\u00f3nico ultrafino y de baja viscosidad, dise\u00f1ado para el tratamiento de l\u00edneas finas como las patas de gallo, las arrugas peribucales, el aumento de labios, as\u00ed como las arrugas leves de la frente.<\/span><\/p><p><span style=\"font-weight: 400;\">Tambi\u00e9n perfectamente adaptado a las t\u00e9cnicas de labios cl\u00e1sicas y rusas, este relleno es ideal para el trabajo de detalle preciso y el remodelado espec\u00edfico, permitiendo crear un volumen superior y un efecto lifting natural.<\/span><\/p><p><span style=\"font-weight: 400;\">Los resultados duran aproximadamente 12 a 15 meses, seg\u00fan las caracter\u00edsticas individuales de cada paciente.<\/span><\/p>\t\t\t\t\t\t\t\t<\/div>\n\t\t\t\t<\/div>\n\t\t<div class=\"elementor-element elementor-element-c0d8cc0 e-con-full e-flex e-con e-child\" data-id=\"c0d8cc0\" data-element_type=\"container\" data-e-type=\"container\">\n\t\t\t\t<div class=\"elementor-element elementor-element-fef6680 elementor-widget elementor-widget-image\" data-id=\"fef6680\" data-element_type=\"widget\" data-e-type=\"widget\" data-widget_type=\"image.default\">\n\t\t\t\t\t\t\t\t\t\t\t\t\t\t\t<img decoding=\"async\" width=\"800\" height=\"800\" src=\"https:\/\/btzmedical.com\/wp-content\/uploads\/2026\/02\/IMGL0373-1.webp\" class=\"attachment-large size-large wp-image-1835\" alt=\"LUMIFIL L-Lite con Lidoca\u00edna\" srcset=\"https:\/\/btzmedical.com\/wp-content\/uploads\/2026\/02\/IMGL0373-1.webp 822w, https:\/\/btzmedical.com\/wp-content\/uploads\/2026\/02\/IMGL0373-1-300x300.webp 300w, https:\/\/btzmedical.com\/wp-content\/uploads\/2026\/02\/IMGL0373-1-150x150.webp 150w, https:\/\/btzmedical.com\/wp-content\/uploads\/2026\/02\/IMGL0373-1-768x768.webp 768w\" sizes=\"(max-width: 800px) 100vw, 800px\" \/>\t\t\t\t\t\t\t\t\t\t\t\t\t\t\t<\/div>\n\t\t\t\t<\/div>\n\t\t\t\t\t<\/div>\n\t\t\t\t<\/div>\n\t\t<div class=\"elementor-element elementor-element-5b9914b e-flex e-con-boxed elementor-invisible e-con e-parent\" data-id=\"5b9914b\" data-element_type=\"container\" data-e-type=\"container\" data-settings=\"{&quot;animation&quot;:&quot;fadeIn&quot;}\">\n\t\t\t\t\t<div class=\"e-con-inner\">\n\t\t<div class=\"elementor-element elementor-element-2fd7944 e-con-full e-flex e-con e-child\" data-id=\"2fd7944\" data-element_type=\"container\" data-e-type=\"container\">\n\t\t\t\t<div class=\"elementor-element elementor-element-7900787 elementor-widget elementor-widget-heading\" data-id=\"7900787\" data-element_type=\"widget\" data-e-type=\"widget\" data-widget_type=\"heading.default\">\n\t\t\t\t\t<h2 class=\"elementor-heading-title elementor-size-default\">LUMIFIL L-Kiss con Lidoca\u00edna<\/h2>\t\t\t\t<\/div>\n\t\t\t\t<div class=\"elementor-element elementor-element-c4e8150 elementor-widget elementor-widget-text-editor\" data-id=\"c4e8150\" data-element_type=\"widget\" data-e-type=\"widget\" data-widget_type=\"text-editor.default\">\n\t\t\t\t\t\t\t\t\t<p class=\"p1\">El gel de relleno d\u00e9rmico a base de \u00e1cido hialur\u00f3nico ideal para el aumento de labios y para las zonas que requieren una textura m\u00e1s espesa y una viscosidad m\u00e1s elevada.<\/p><p class=\"p1\">LUMIFIL Kiss tambi\u00e9n puede utilizarse en los p\u00f3mulos, el ment\u00f3n y los surcos nasogenianos, en funci\u00f3n de la naturaleza y la profundidad de las arrugas.<\/p><p class=\"p1\">Los resultados duran aproximadamente 9 a 12 meses.<\/p>\t\t\t\t\t\t\t\t<\/div>\n\t\t\t\t<\/div>\n\t\t<div class=\"elementor-element elementor-element-40c32ae e-con-full e-flex e-con e-child\" data-id=\"40c32ae\" data-element_type=\"container\" data-e-type=\"container\">\n\t\t\t\t<div class=\"elementor-element elementor-element-bf8ab17 elementor-widget elementor-widget-image\" data-id=\"bf8ab17\" data-element_type=\"widget\" data-e-type=\"widget\" data-widget_type=\"image.default\">\n\t\t\t\t\t\t\t\t\t\t\t\t\t\t\t<img decoding=\"async\" width=\"758\" height=\"758\" src=\"https:\/\/btzmedical.com\/wp-content\/uploads\/2026\/02\/IMGL0382.webp\" class=\"attachment-large size-large wp-image-1836\" alt=\"LUMIFIL L-Kiss con Lidoca\u00edna\" srcset=\"https:\/\/btzmedical.com\/wp-content\/uploads\/2026\/02\/IMGL0382.webp 758w, https:\/\/btzmedical.com\/wp-content\/uploads\/2026\/02\/IMGL0382-300x300.webp 300w, https:\/\/btzmedical.com\/wp-content\/uploads\/2026\/02\/IMGL0382-150x150.webp 150w\" sizes=\"(max-width: 758px) 100vw, 758px\" \/>\t\t\t\t\t\t\t\t\t\t\t\t\t\t\t<\/div>\n\t\t\t\t<\/div>\n\t\t\t\t\t<\/div>\n\t\t\t\t<\/div>\n\t\t<div class=\"elementor-element elementor-element-6a998f57 e-flex e-con-boxed e-con e-parent\" data-id=\"6a998f57\" data-element_type=\"container\" data-e-type=\"container\" data-settings=\"{&quot;background_background&quot;:&quot;classic&quot;}\">\n\t\t\t\t\t<div class=\"e-con-inner\">\n\t\t<div class=\"elementor-element elementor-element-25d5500e e-con-full e-flex e-con e-child\" data-id=\"25d5500e\" data-element_type=\"container\" data-e-type=\"container\" data-settings=\"{&quot;background_background&quot;:&quot;classic&quot;}\">\n\t\t\t\t<div class=\"elementor-element elementor-element-9b56152 elementor-widget elementor-widget-heading\" data-id=\"9b56152\" data-element_type=\"widget\" data-e-type=\"widget\" data-widget_type=\"heading.default\">\n\t\t\t\t\t<h2 class=\"elementor-heading-title elementor-size-default\">Cont\u00e1ctenos<\/h2>\t\t\t\t<\/div>\n\t\t\t\t<div class=\"elementor-element elementor-element-553fb43f elementor-widget elementor-widget-text-editor\" data-id=\"553fb43f\" data-element_type=\"widget\" data-e-type=\"widget\" data-widget_type=\"text-editor.default\">\n\t\t\t\t\t\t\t\t\t<p class=\"p1\">Para cualquier solicitud de informaci\u00f3n o consulta sobre nuestros productos,<br><span class=\"s1\">\ud83d\udce9<\/span> <b>info@btzmedical.com<br><\/b>Nuestro equipo estar\u00e1 encantado de responder a sus preguntas.<\/p>\t\t\t\t\t\t\t\t<\/div>\n\t\t\t\t<div class=\"elementor-element elementor-element-37b7b7ae elementor-mobile-align-center elementor-align-center elementor-widget elementor-widget-button\" data-id=\"37b7b7ae\" data-element_type=\"widget\" data-e-type=\"widget\" data-widget_type=\"button.default\">\n\t\t\t\t\t\t\t\t\t\t<a class=\"elementor-button elementor-button-link elementor-size-sm\" href=\"https:\/\/btzmedical.com\/es\/contacto\/\">\n\t\t\t\t\t\t<span class=\"elementor-button-content-wrapper\">\n\t\t\t\t\t\t\t\t\t<span class=\"elementor-button-text\">Contacto<\/span>\n\t\t\t\t\t<\/span>\n\t\t\t\t\t<\/a>\n\t\t\t\t\t\t\t\t<\/div>\n\t\t\t\t<\/div>\n\t\t\t\t\t<\/div>\n\t\t\t\t<\/div>\n\t\t\t\t<\/div>\n\t\t","protected":false},"excerpt":{"rendered":"<p>LUMIFIL L-Max con Lidoca\u00edna Ideal para zonas subcut\u00e1neas (Sub-Q), incluyendo el aumento de nariz, p\u00f3mulos, mand\u00edbula y ment\u00f3n, LUMIFIL Max es el producto m\u00e1s denso y duradero de la gama LUMIFIL. Constituye la elecci\u00f3n ideal para el aumento facial cuando se deben crear estructuras profundas y bien definidas. LUMIFIL Max es un relleno d\u00e9rmico a [&hellip;]<\/p>\n","protected":false},"author":1,"featured_media":0,"parent":0,"menu_order":0,"comment_status":"closed","ping_status":"closed","template":"","meta":{"_joinchat":[],"footnotes":""},"class_list":["post-1830","page","type-page","status-publish","hentry"],"_links":{"self":[{"href":"https:\/\/btzmedical.com\/es\/wp-json\/wp\/v2\/pages\/1830","targetHints":{"allow":["GET"]}}],"collection":[{"href":"https:\/\/btzmedical.com\/es\/wp-json\/wp\/v2\/pages"}],"about":[{"href":"https:\/\/btzmedical.com\/es\/wp-json\/wp\/v2\/types\/page"}],"author":[{"embeddable":true,"href":"https:\/\/btzmedical.com\/es\/wp-json\/wp\/v2\/users\/1"}],"replies":[{"embeddable":true,"href":"https:\/\/btzmedical.com\/es\/wp-json\/wp\/v2\/comments?post=1830"}],"version-history":[{"count":1,"href":"https:\/\/btzmedical.com\/es\/wp-json\/wp\/v2\/pages\/1830\/revisions"}],"predecessor-version":[{"id":1837,"href":"https:\/\/btzmedical.com\/es\/wp-json\/wp\/v2\/pages\/1830\/revisions\/1837"}],"wp:attachment":[{"href":"https:\/\/btzmedical.com\/es\/wp-json\/wp\/v2\/media?parent=1830"}],"curies":[{"name":"wp","href":"https:\/\/api.w.org\/{rel}","templated":true}]}}