{"id":1910,"date":"2025-11-18T15:22:04","date_gmt":"2025-11-18T15:22:04","guid":{"rendered":"https:\/\/btzmedical.com\/btz-aesthetics\/"},"modified":"2026-03-02T13:41:46","modified_gmt":"2026-03-02T13:41:46","slug":"btz-aesthetics","status":"publish","type":"page","link":"https:\/\/btzmedical.com\/es\/btz-aesthetics\/","title":{"rendered":"Btz Aesthetics"},"content":{"rendered":"\t\t<div data-elementor-type=\"wp-page\" data-elementor-id=\"1910\" class=\"elementor elementor-1910 elementor-45\" data-elementor-post-type=\"page\">\n\t\t\t\t<div class=\"elementor-element elementor-element-7956c683 e-flex e-con-boxed elementor-invisible e-con e-parent\" data-id=\"7956c683\" data-element_type=\"container\" data-e-type=\"container\" data-settings=\"{&quot;animation&quot;:&quot;fadeIn&quot;}\">\n\t\t\t\t\t<div class=\"e-con-inner\">\n\t\t<div class=\"elementor-element elementor-element-2f86f617 e-con-full e-flex e-con e-child\" data-id=\"2f86f617\" data-element_type=\"container\" data-e-type=\"container\">\n\t\t\t\t<div class=\"elementor-element elementor-element-3fb13c81 elementor-widget elementor-widget-heading\" data-id=\"3fb13c81\" data-element_type=\"widget\" data-e-type=\"widget\" data-widget_type=\"heading.default\">\n\t\t\t\t\t<h1 class=\"elementor-heading-title elementor-size-default\">Btz Aesthetics<\/h1>\t\t\t\t<\/div>\n\t\t\t\t<div class=\"elementor-element elementor-element-49c2c0ed elementor-widget elementor-widget-heading\" data-id=\"49c2c0ed\" data-element_type=\"widget\" data-e-type=\"widget\" data-widget_type=\"heading.default\">\n\t\t\t\t\t<h2 class=\"elementor-heading-title elementor-size-default\">BTZ Medical Supplies<\/h2>\t\t\t\t<\/div>\n\t\t\t\t<div class=\"elementor-element elementor-element-5154551f elementor-widget elementor-widget-text-editor\" data-id=\"5154551f\" data-element_type=\"widget\" data-e-type=\"widget\" data-widget_type=\"text-editor.default\">\n\t\t\t\t\t\t\t\t\t<p class=\"p1\"><b>BTZ Medical Supplies: la referencia internacional en productos est\u00e9ticos de alta calidad.<\/b><\/p><p class=\"p1\"><b>BTZ Medical Supplies<\/b> es un <b>l\u00edder nacional e internacional<\/b> en la distribuci\u00f3n al por mayor y al por menor de productos est\u00e9ticos destinados a profesionales de la medicina est\u00e9tica, la dermatolog\u00eda y los cuidados avanzados de la piel.<\/p><p class=\"p1\">Gracias a una <b>experiencia reconocida<\/b> y una <b>red log\u00edstica eficiente<\/b>, garantizamos un acceso r\u00e1pido, fiable y seguro a las soluciones m\u00e1s innovadoras del mercado.<\/p>\t\t\t\t\t\t\t\t<\/div>\n\t\t\t\t<div class=\"elementor-element elementor-element-5754ab19 elementor-mobile-align-left elementor-widget elementor-widget-button\" data-id=\"5754ab19\" data-element_type=\"widget\" data-e-type=\"widget\" data-widget_type=\"button.default\">\n\t\t\t\t\t\t\t\t\t\t<a class=\"elementor-button elementor-button-link elementor-size-sm\" href=\"https:\/\/btzmedical.com\/es\/contacto\/\">\n\t\t\t\t\t\t<span class=\"elementor-button-content-wrapper\">\n\t\t\t\t\t\t\t\t\t<span class=\"elementor-button-text\">Contacto<\/span>\n\t\t\t\t\t<\/span>\n\t\t\t\t\t<\/a>\n\t\t\t\t\t\t\t\t<\/div>\n\t\t\t\t<\/div>\n\t\t<div class=\"elementor-element elementor-element-55f1b340 e-con-full e-flex e-con e-child\" data-id=\"55f1b340\" data-element_type=\"container\" data-e-type=\"container\">\n\t\t\t\t<div class=\"elementor-element elementor-element-2b693b78 elementor-widget elementor-widget-image\" data-id=\"2b693b78\" data-element_type=\"widget\" data-e-type=\"widget\" data-widget_type=\"image.default\">\n\t\t\t\t\t\t\t\t\t\t\t\t\t\t\t<img fetchpriority=\"high\" decoding=\"async\" width=\"800\" height=\"534\" src=\"https:\/\/btzmedical.com\/wp-content\/uploads\/2026\/02\/ChatGPT-Image-27-janv.-2026-a-15_24_15-1024x683.webp\" class=\"attachment-large size-large wp-image-1925\" alt=\"promoitalia skinfill\" srcset=\"https:\/\/btzmedical.com\/wp-content\/uploads\/2026\/02\/ChatGPT-Image-27-janv.-2026-a-15_24_15-1024x683.webp 1024w, https:\/\/btzmedical.com\/wp-content\/uploads\/2026\/02\/ChatGPT-Image-27-janv.-2026-a-15_24_15-300x200.webp 300w, https:\/\/btzmedical.com\/wp-content\/uploads\/2026\/02\/ChatGPT-Image-27-janv.-2026-a-15_24_15-768x512.webp 768w, https:\/\/btzmedical.com\/wp-content\/uploads\/2026\/02\/ChatGPT-Image-27-janv.-2026-a-15_24_15.webp 1152w\" sizes=\"(max-width: 800px) 100vw, 800px\" \/>\t\t\t\t\t\t\t\t\t\t\t\t\t\t\t<\/div>\n\t\t\t\t<\/div>\n\t\t\t\t\t<\/div>\n\t\t\t\t<\/div>\n\t\t<div class=\"elementor-element elementor-element-78ba8fee e-flex e-con-boxed e-con e-parent\" data-id=\"78ba8fee\" data-element_type=\"container\" data-e-type=\"container\" data-settings=\"{&quot;background_background&quot;:&quot;classic&quot;}\">\n\t\t\t\t\t<div class=\"e-con-inner\">\n\t\t<div class=\"elementor-element elementor-element-4a6650c6 e-con-full e-flex e-con e-child\" data-id=\"4a6650c6\" data-element_type=\"container\" data-e-type=\"container\">\n\t\t\t\t<div class=\"elementor-element elementor-element-4a7727c elementor-widget elementor-widget-heading\" data-id=\"4a7727c\" data-element_type=\"widget\" data-e-type=\"widget\" data-widget_type=\"heading.default\">\n\t\t\t\t\t<h3 class=\"elementor-heading-title elementor-size-default\">Nuestras marcas premium<\/h3>\t\t\t\t<\/div>\n\t\t\t\t<div class=\"elementor-element elementor-element-7ba5052 elementor-widget elementor-widget-text-editor\" data-id=\"7ba5052\" data-element_type=\"widget\" data-e-type=\"widget\" data-widget_type=\"text-editor.default\">\n\t\t\t\t\t\t\t\t\t<p class=\"p1\"><span style=\"font-weight: 400;\">Ofrecemos una <\/span><b>selecci\u00f3n de marcas est\u00e9ticas de renombre mundial<\/b><span style=\"font-weight: 400;\">, entre las que se encuentran: <\/span><b>IBSA, Filorga, Merz, Teoxane, Allergan, Galderma, PromoItalia, Lemonbottle, LumiFill, Seventy, Hyal, PRXT33<\/b><span style=\"font-weight: 400;\">, y muchas otras.<\/span><\/p><p class=\"p1\">Estas marcas cubren una amplia gama de necesidades est\u00e9ticas:<\/p><ul class=\"ul1\"><li class=\"li1\">Inyecciones d\u00e9rmicas<\/li><li class=\"li1\">Rellenos y soluciones de rejuvenecimiento<\/li><li class=\"li1\">Bioestimulaci\u00f3n<\/li><li class=\"li1\">Cuidados cut\u00e1neos avanzados<\/li><li class=\"li1\">Dispositivos para el remodelado y la revitalizaci\u00f3n de la piel<\/li><\/ul>\t\t\t\t\t\t\t\t<\/div>\n\t\t\t\t<\/div>\n\t\t<div class=\"elementor-element elementor-element-7c607723 e-con-full e-flex e-con e-child\" data-id=\"7c607723\" data-element_type=\"container\" data-e-type=\"container\">\n\t\t\t\t<div class=\"elementor-element elementor-element-40f07933 elementor-widget elementor-widget-image\" data-id=\"40f07933\" data-element_type=\"widget\" data-e-type=\"widget\" data-widget_type=\"image.default\">\n\t\t\t\t\t\t\t\t\t\t\t\t\t\t\t<img decoding=\"async\" width=\"800\" height=\"800\" src=\"https:\/\/btzmedical.com\/wp-content\/uploads\/2026\/02\/Plinest-BTZ-Aesthetics-1-1024x1024.webp\" class=\"attachment-large size-large wp-image-1934\" alt=\"plinest\" srcset=\"https:\/\/btzmedical.com\/wp-content\/uploads\/2026\/02\/Plinest-BTZ-Aesthetics-1-1024x1024.webp 1024w, https:\/\/btzmedical.com\/wp-content\/uploads\/2026\/02\/Plinest-BTZ-Aesthetics-1-300x300.webp 300w, https:\/\/btzmedical.com\/wp-content\/uploads\/2026\/02\/Plinest-BTZ-Aesthetics-1-150x150.webp 150w, https:\/\/btzmedical.com\/wp-content\/uploads\/2026\/02\/Plinest-BTZ-Aesthetics-1-768x768.webp 768w, https:\/\/btzmedical.com\/wp-content\/uploads\/2026\/02\/Plinest-BTZ-Aesthetics-1-1536x1536.webp 1536w, https:\/\/btzmedical.com\/wp-content\/uploads\/2026\/02\/Plinest-BTZ-Aesthetics-1.webp 1920w\" sizes=\"(max-width: 800px) 100vw, 800px\" \/>\t\t\t\t\t\t\t\t\t\t\t\t\t\t\t<\/div>\n\t\t\t\t<\/div>\n\t\t\t\t\t<\/div>\n\t\t\t\t<\/div>\n\t\t<div class=\"elementor-element elementor-element-18a8b843 e-flex e-con-boxed e-con e-parent\" data-id=\"18a8b843\" data-element_type=\"container\" data-e-type=\"container\">\n\t\t\t\t\t<div class=\"e-con-inner\">\n\t\t\t\t<div class=\"elementor-element elementor-element-30283b95 elementor-widget elementor-widget-heading\" data-id=\"30283b95\" data-element_type=\"widget\" data-e-type=\"widget\" data-widget_type=\"heading.default\">\n\t\t\t\t\t<h2 class=\"elementor-heading-title elementor-size-default\">\u00bfPor qu\u00e9 elegir BTZ Medical Supplies?\n<\/h2>\t\t\t\t<\/div>\n\t\t\t\t\t<\/div>\n\t\t\t\t<\/div>\n\t\t<div class=\"elementor-element elementor-element-575c766c e-flex e-con-boxed e-con e-parent\" data-id=\"575c766c\" data-element_type=\"container\" data-e-type=\"container\">\n\t\t\t\t\t<div class=\"e-con-inner\">\n\t\t\t\t<div class=\"elementor-element elementor-element-27ea9bd elementor-widget elementor-widget-n-accordion\" data-id=\"27ea9bd\" data-element_type=\"widget\" data-e-type=\"widget\" data-settings=\"{&quot;default_state&quot;:&quot;all_collapsed&quot;,&quot;max_items_expended&quot;:&quot;one&quot;,&quot;n_accordion_animation_duration&quot;:{&quot;unit&quot;:&quot;ms&quot;,&quot;size&quot;:400,&quot;sizes&quot;:[]}}\" data-widget_type=\"nested-accordion.default\">\n\t\t\t\t\t\t\t<div class=\"e-n-accordion\" aria-label=\"Accordion. Open links with Enter or Space, close with Escape, and navigate with Arrow Keys\">\n\t\t\t\t\t\t<details id=\"e-n-accordion-item-4180\" class=\"e-n-accordion-item\" >\n\t\t\t\t<summary class=\"e-n-accordion-item-title\" data-accordion-index=\"1\" tabindex=\"0\" aria-expanded=\"false\" aria-controls=\"e-n-accordion-item-4180\" >\n\t\t\t\t\t<span class='e-n-accordion-item-title-header'><div class=\"e-n-accordion-item-title-text\"> \u2714 Autenticidad y trazabilidad <\/div><\/span>\n\t\t\t\t\t\t\t\t\t<\/summary>\n\t\t\t\t<div role=\"region\" aria-labelledby=\"e-n-accordion-item-4180\" class=\"elementor-element elementor-element-1c0527f0 e-con-full e-flex e-con e-child\" data-id=\"1c0527f0\" data-element_type=\"container\" data-e-type=\"container\">\n\t\t\t\t<div class=\"elementor-element elementor-element-5c0ca129 elementor-widget elementor-widget-text-editor\" data-id=\"5c0ca129\" data-element_type=\"widget\" data-e-type=\"widget\" data-widget_type=\"text-editor.default\">\n\t\t\t\t\t\t\t\t\t<p><span style=\"font-weight: 400;\">Gracias a nuestras alianzas con los principales laboratorios internacionales, garantizamos la <\/span><b>calidad, autenticidad y disponibilidad permanente<\/b><span style=\"font-weight: 400;\"> de nuestros productos.<\/span><\/p>\t\t\t\t\t\t\t\t<\/div>\n\t\t\t\t<\/div>\n\t\t\t\t\t<\/details>\n\t\t\t\t\t<\/div>\n\t\t\t\t\t\t<\/div>\n\t\t\t\t<div class=\"elementor-element elementor-element-2bfe9b1b elementor-widget elementor-widget-n-accordion\" data-id=\"2bfe9b1b\" data-element_type=\"widget\" data-e-type=\"widget\" data-settings=\"{&quot;default_state&quot;:&quot;all_collapsed&quot;,&quot;max_items_expended&quot;:&quot;one&quot;,&quot;n_accordion_animation_duration&quot;:{&quot;unit&quot;:&quot;ms&quot;,&quot;size&quot;:400,&quot;sizes&quot;:[]}}\" data-widget_type=\"nested-accordion.default\">\n\t\t\t\t\t\t\t<div class=\"e-n-accordion\" aria-label=\"Accordion. Open links with Enter or Space, close with Escape, and navigate with Arrow Keys\">\n\t\t\t\t\t\t<details id=\"e-n-accordion-item-7380\" class=\"e-n-accordion-item\" >\n\t\t\t\t<summary class=\"e-n-accordion-item-title\" data-accordion-index=\"1\" tabindex=\"0\" aria-expanded=\"false\" aria-controls=\"e-n-accordion-item-7380\" >\n\t\t\t\t\t<span class='e-n-accordion-item-title-header'><div class=\"e-n-accordion-item-title-text\"> \u2714 Servicio al cliente dedicado <\/div><\/span>\n\t\t\t\t\t\t\t\t\t<\/summary>\n\t\t\t\t<div role=\"region\" aria-labelledby=\"e-n-accordion-item-7380\" class=\"elementor-element elementor-element-540fa5f3 e-con-full e-flex e-con e-child\" data-id=\"540fa5f3\" data-element_type=\"container\" data-e-type=\"container\">\n\t\t\t\t<div class=\"elementor-element elementor-element-7da2fa63 elementor-widget elementor-widget-text-editor\" data-id=\"7da2fa63\" data-element_type=\"widget\" data-e-type=\"widget\" data-widget_type=\"text-editor.default\">\n\t\t\t\t\t\t\t\t\t<p><span style=\"font-weight: 400;\">Gracias a nuestras alianzas con los principales laboratorios internacionales, garantizamos la <\/span><b>calidad, autenticidad y disponibilidad permanente<\/b><span style=\"font-weight: 400;\"> de nuestros productos.<\/span><\/p>\t\t\t\t\t\t\t\t<\/div>\n\t\t\t\t<\/div>\n\t\t\t\t\t<\/details>\n\t\t\t\t\t<\/div>\n\t\t\t\t\t\t<\/div>\n\t\t\t\t<div class=\"elementor-element elementor-element-7aa5cb5c elementor-widget elementor-widget-n-accordion\" data-id=\"7aa5cb5c\" data-element_type=\"widget\" data-e-type=\"widget\" data-settings=\"{&quot;default_state&quot;:&quot;all_collapsed&quot;,&quot;max_items_expended&quot;:&quot;one&quot;,&quot;n_accordion_animation_duration&quot;:{&quot;unit&quot;:&quot;ms&quot;,&quot;size&quot;:400,&quot;sizes&quot;:[]}}\" data-widget_type=\"nested-accordion.default\">\n\t\t\t\t\t\t\t<div class=\"e-n-accordion\" aria-label=\"Accordion. Open links with Enter or Space, close with Escape, and navigate with Arrow Keys\">\n\t\t\t\t\t\t<details id=\"e-n-accordion-item-2050\" class=\"e-n-accordion-item\" >\n\t\t\t\t<summary class=\"e-n-accordion-item-title\" data-accordion-index=\"1\" tabindex=\"0\" aria-expanded=\"false\" aria-controls=\"e-n-accordion-item-2050\" >\n\t\t\t\t\t<span class='e-n-accordion-item-title-header'><div class=\"e-n-accordion-item-title-text\"> \u2714 Innovaci\u00f3n y seguridad <\/div><\/span>\n\t\t\t\t\t\t\t\t\t<\/summary>\n\t\t\t\t<div role=\"region\" aria-labelledby=\"e-n-accordion-item-2050\" class=\"elementor-element elementor-element-7ce3affc e-con-full e-flex e-con e-child\" data-id=\"7ce3affc\" data-element_type=\"container\" data-e-type=\"container\">\n\t\t\t\t<div class=\"elementor-element elementor-element-5b29721b elementor-widget elementor-widget-text-editor\" data-id=\"5b29721b\" data-element_type=\"widget\" data-e-type=\"widget\" data-widget_type=\"text-editor.default\">\n\t\t\t\t\t\t\t\t\t<p><span style=\"font-weight: 400;\">Situamos la <\/span><b>innovaci\u00f3n, la seguridad y la satisfacci\u00f3n del cliente<\/b><span style=\"font-weight: 400;\"> en el centro de nuestra misi\u00f3n, haciendo de BTZ Medical Supplies una <\/span><b>referencia ineludible<\/b><span style=\"font-weight: 400;\"> en la distribuci\u00f3n de soluciones est\u00e9ticas profesionales.<\/span><\/p>\t\t\t\t\t\t\t\t<\/div>\n\t\t\t\t<\/div>\n\t\t\t\t\t<\/details>\n\t\t\t\t\t<\/div>\n\t\t\t\t\t\t<\/div>\n\t\t\t\t\t<\/div>\n\t\t\t\t<\/div>\n\t\t<div class=\"elementor-element elementor-element-7521bf4 e-flex e-con-boxed e-con e-parent\" data-id=\"7521bf4\" data-element_type=\"container\" data-e-type=\"container\">\n\t\t\t\t\t<div class=\"e-con-inner\">\n\t\t\t\t<div class=\"elementor-element elementor-element-6b24015 elementor-widget elementor-widget-heading\" data-id=\"6b24015\" data-element_type=\"widget\" data-e-type=\"widget\" data-widget_type=\"heading.default\">\n\t\t\t\t\t<h2 class=\"elementor-heading-title elementor-size-default\">Conf\u00edan en nosotros<\/h2>\t\t\t\t<\/div>\n\t\t\t\t\t<\/div>\n\t\t\t\t<\/div>\n\t\t<div class=\"elementor-element elementor-element-7122bc8 e-flex e-con-boxed e-con e-parent\" data-id=\"7122bc8\" data-element_type=\"container\" data-e-type=\"container\" data-settings=\"{&quot;background_background&quot;:&quot;classic&quot;}\">\n\t\t\t\t\t<div class=\"e-con-inner\">\n\t\t\t\t<div class=\"elementor-element elementor-element-ee6c068 elementor-skin-carousel elementor-arrows-yes elementor-pagination-type-bullets elementor-pagination-position-outside elementor-widget elementor-widget-media-carousel\" data-id=\"ee6c068\" data-element_type=\"widget\" data-e-type=\"widget\" data-settings=\"{&quot;lazyload&quot;:&quot;yes&quot;,&quot;autoplay_speed&quot;:1000,&quot;skin&quot;:&quot;carousel&quot;,&quot;effect&quot;:&quot;slide&quot;,&quot;show_arrows&quot;:&quot;yes&quot;,&quot;pagination&quot;:&quot;bullets&quot;,&quot;speed&quot;:500,&quot;autoplay&quot;:&quot;yes&quot;,&quot;loop&quot;:&quot;yes&quot;,&quot;pause_on_hover&quot;:&quot;yes&quot;,&quot;pause_on_interaction&quot;:&quot;yes&quot;,&quot;space_between&quot;:{&quot;unit&quot;:&quot;px&quot;,&quot;size&quot;:10,&quot;sizes&quot;:[]},&quot;space_between_tablet&quot;:{&quot;unit&quot;:&quot;px&quot;,&quot;size&quot;:10,&quot;sizes&quot;:[]},&quot;space_between_mobile&quot;:{&quot;unit&quot;:&quot;px&quot;,&quot;size&quot;:10,&quot;sizes&quot;:[]}}\" data-widget_type=\"media-carousel.default\">\n\t\t\t\t\t\t\t\t\t\t<div class=\"elementor-main-swiper swiper\" role=\"region\" aria-roledescription=\"carousel\" aria-label=\"Diapositives\">\n\t\t\t\t<div class=\"swiper-wrapper\">\n\t\t\t\t\t\t\t\t\t\t\t<div class=\"swiper-slide\" role=\"group\" aria-roledescription=\"slide\">\n\t\t\t\t\t\t\t\t\t<div class=\"elementor-carousel-image swiper-lazy\" role=\"img\" aria-label=\"promoitalia\" data-background=\"https:\/\/btzmedical.com\/wp-content\/uploads\/2026\/02\/ChatGPT-Image-27-janv.-2026-a-16_16_23.webp\">\n\n\t\t\t\t\t\t\t<div class=\"swiper-lazy-preloader\"><\/div>\n\t\t\t\n\t\t\t\t\t<\/div>\n\t\t\t\t\t\t\t\t<\/div>\n\t\t\t\t\t\t\t\t\t\t\t<div class=\"swiper-slide\" role=\"group\" aria-roledescription=\"slide\">\n\t\t\t\t\t\t\t\t\t<div class=\"elementor-carousel-image swiper-lazy\" role=\"img\" aria-label=\"teoxane\" data-background=\"https:\/\/btzmedical.com\/wp-content\/uploads\/2026\/02\/ChatGPT-Image-27-janv.-2026-a-16_21_17.webp\">\n\n\t\t\t\t\t\t\t<div class=\"swiper-lazy-preloader\"><\/div>\n\t\t\t\n\t\t\t\t\t<\/div>\n\t\t\t\t\t\t\t\t<\/div>\n\t\t\t\t\t\t\t\t\t\t\t<div class=\"swiper-slide\" role=\"group\" aria-roledescription=\"slide\">\n\t\t\t\t\t\t\t\t\t<div class=\"elementor-carousel-image swiper-lazy\" role=\"img\" aria-label=\"ibsa\" data-background=\"https:\/\/btzmedical.com\/wp-content\/uploads\/2026\/02\/ChatGPT-Image-27-janv.-2026-a-16_23_26.webp\">\n\n\t\t\t\t\t\t\t<div class=\"swiper-lazy-preloader\"><\/div>\n\t\t\t\n\t\t\t\t\t<\/div>\n\t\t\t\t\t\t\t\t<\/div>\n\t\t\t\t\t\t\t\t\t\t\t<div class=\"swiper-slide\" role=\"group\" aria-roledescription=\"slide\">\n\t\t\t\t\t\t\t\t\t<div class=\"elementor-carousel-image swiper-lazy\" role=\"img\" aria-label=\"radiesse\" data-background=\"https:\/\/btzmedical.com\/wp-content\/uploads\/2026\/02\/ChatGPT-Image-27-janv.-2026-a-16_25_57.webp\">\n\n\t\t\t\t\t\t\t<div class=\"swiper-lazy-preloader\"><\/div>\n\t\t\t\n\t\t\t\t\t<\/div>\n\t\t\t\t\t\t\t\t<\/div>\n\t\t\t\t\t\t\t\t\t\t\t<div class=\"swiper-slide\" role=\"group\" aria-roledescription=\"slide\">\n\t\t\t\t\t\t\t\t\t<div class=\"elementor-carousel-image swiper-lazy\" role=\"img\" aria-label=\"lemonbottle\" data-background=\"https:\/\/btzmedical.com\/wp-content\/uploads\/2026\/02\/ChatGPT-Image-27-janv.-2026-a-16_27_44.webp\">\n\n\t\t\t\t\t\t\t<div class=\"swiper-lazy-preloader\"><\/div>\n\t\t\t\n\t\t\t\t\t<\/div>\n\t\t\t\t\t\t\t\t<\/div>\n\t\t\t\t\t\t\t\t\t\t\t<div class=\"swiper-slide\" role=\"group\" aria-roledescription=\"slide\">\n\t\t\t\t\t\t\t\t\t<div class=\"elementor-carousel-image swiper-lazy\" role=\"img\" aria-label=\"sculptra\" data-background=\"https:\/\/btzmedical.com\/wp-content\/uploads\/2026\/02\/ChatGPT-Image-27-janv.-2026-a-16_31_13.webp\">\n\n\t\t\t\t\t\t\t<div class=\"swiper-lazy-preloader\"><\/div>\n\t\t\t\n\t\t\t\t\t<\/div>\n\t\t\t\t\t\t\t\t<\/div>\n\t\t\t\t\t\t\t\t\t\t\t<div class=\"swiper-slide\" role=\"group\" aria-roledescription=\"slide\">\n\t\t\t\t\t\t\t\t\t<div class=\"elementor-carousel-image swiper-lazy\" role=\"img\" aria-label=\"prxt33\" data-background=\"https:\/\/btzmedical.com\/wp-content\/uploads\/2026\/02\/ChatGPT-Image-27-janv.-2026-a-16_34_46.webp\">\n\n\t\t\t\t\t\t\t<div class=\"swiper-lazy-preloader\"><\/div>\n\t\t\t\n\t\t\t\t\t<\/div>\n\t\t\t\t\t\t\t\t<\/div>\n\t\t\t\t\t\t\t\t\t<\/div>\n\t\t\t\t\t\t\t\t\t\t\t\t\t\t\t<div class=\"elementor-swiper-button elementor-swiper-button-prev\" role=\"button\" tabindex=\"0\" aria-label=\"Anterior\">\n\t\t\t\t\t\t\t<svg aria-hidden=\"true\" class=\"e-font-icon-svg e-eicon-chevron-left\" viewBox=\"0 0 1000 1000\" xmlns=\"http:\/\/www.w3.org\/2000\/svg\"><path d=\"M646 125C629 125 613 133 604 142L308 442C296 454 292 471 292 487 292 504 296 521 308 533L604 854C617 867 629 875 646 875 663 875 679 871 692 858 704 846 713 829 713 812 713 796 708 779 692 767L438 487 692 225C700 217 708 204 708 187 708 171 704 154 692 142 675 129 663 125 646 125Z\"><\/path><\/svg>\t\t\t\t\t\t<\/div>\n\t\t\t\t\t\t<div class=\"elementor-swiper-button elementor-swiper-button-next\" role=\"button\" tabindex=\"0\" aria-label=\"Siguiente\">\n\t\t\t\t\t\t\t<svg aria-hidden=\"true\" class=\"e-font-icon-svg e-eicon-chevron-right\" viewBox=\"0 0 1000 1000\" xmlns=\"http:\/\/www.w3.org\/2000\/svg\"><path d=\"M696 533C708 521 713 504 713 487 713 471 708 454 696 446L400 146C388 133 375 125 354 125 338 125 325 129 313 142 300 154 292 171 292 187 292 204 296 221 308 233L563 492 304 771C292 783 288 800 288 817 288 833 296 850 308 863 321 871 338 875 354 875 371 875 388 867 400 854L696 533Z\"><\/path><\/svg>\t\t\t\t\t\t<\/div>\n\t\t\t\t\t\t\t\t\t\t\t\t\t\t\t\t<div class=\"swiper-pagination\"><\/div>\n\t\t\t\t\t\t\t\t\t\t\t\t<\/div>\n\t\t\t\t\t\t\t\t<\/div>\n\t\t\t\t\t<\/div>\n\t\t\t\t<\/div>\n\t\t<div class=\"elementor-element elementor-element-4022b5f5 e-flex e-con-boxed e-con e-parent\" data-id=\"4022b5f5\" data-element_type=\"container\" data-e-type=\"container\" data-settings=\"{&quot;background_background&quot;:&quot;classic&quot;}\">\n\t\t\t\t\t<div class=\"e-con-inner\">\n\t\t<div class=\"elementor-element elementor-element-3a01daa6 e-con-full e-flex e-con e-child\" data-id=\"3a01daa6\" data-element_type=\"container\" data-e-type=\"container\" data-settings=\"{&quot;background_background&quot;:&quot;classic&quot;}\">\n\t\t\t\t<div class=\"elementor-element elementor-element-71727fe8 elementor-widget elementor-widget-heading\" data-id=\"71727fe8\" data-element_type=\"widget\" data-e-type=\"widget\" data-widget_type=\"heading.default\">\n\t\t\t\t\t<h3 class=\"elementor-heading-title elementor-size-default\">Cont\u00e1ctenos<\/h3>\t\t\t\t<\/div>\n\t\t\t\t<div class=\"elementor-element elementor-element-65700b82 elementor-widget elementor-widget-text-editor\" data-id=\"65700b82\" data-element_type=\"widget\" data-e-type=\"widget\" data-widget_type=\"text-editor.default\">\n\t\t\t\t\t\t\t\t\t<p class=\"p1\">Para cualquier solicitud de informaci\u00f3n o consulta sobre nuestros productos,<br><span class=\"s1\">\ud83d\udce9<\/span> <b>info@btzmedical.com<br><\/b>Nuestro equipo estar\u00e1 encantado de responder a sus preguntas.<\/p>\t\t\t\t\t\t\t\t<\/div>\n\t\t\t\t<div class=\"elementor-element elementor-element-43439c36 elementor-mobile-align-center elementor-align-center elementor-widget elementor-widget-button\" data-id=\"43439c36\" data-element_type=\"widget\" data-e-type=\"widget\" data-widget_type=\"button.default\">\n\t\t\t\t\t\t\t\t\t\t<a class=\"elementor-button elementor-button-link elementor-size-sm\" href=\"https:\/\/btzmedical.com\/es\/contacto\/\">\n\t\t\t\t\t\t<span class=\"elementor-button-content-wrapper\">\n\t\t\t\t\t\t\t\t\t<span class=\"elementor-button-text\">Contacto<\/span>\n\t\t\t\t\t<\/span>\n\t\t\t\t\t<\/a>\n\t\t\t\t\t\t\t\t<\/div>\n\t\t\t\t<\/div>\n\t\t\t\t\t<\/div>\n\t\t\t\t<\/div>\n\t\t\t\t<\/div>\n\t\t","protected":false},"excerpt":{"rendered":"<p>Btz Aesthetics BTZ Medical Supplies BTZ Medical Supplies: la referencia internacional en productos est\u00e9ticos de alta calidad. BTZ Medical Supplies es un l\u00edder nacional e internacional en la distribuci\u00f3n al por mayor y al por menor de productos est\u00e9ticos destinados a profesionales de la medicina est\u00e9tica, la dermatolog\u00eda y los cuidados avanzados de la piel. [&hellip;]<\/p>\n","protected":false},"author":1,"featured_media":0,"parent":0,"menu_order":0,"comment_status":"closed","ping_status":"closed","template":"","meta":{"_joinchat":[],"footnotes":""},"class_list":["post-1910","page","type-page","status-publish","hentry"],"_links":{"self":[{"href":"https:\/\/btzmedical.com\/es\/wp-json\/wp\/v2\/pages\/1910","targetHints":{"allow":["GET"]}}],"collection":[{"href":"https:\/\/btzmedical.com\/es\/wp-json\/wp\/v2\/pages"}],"about":[{"href":"https:\/\/btzmedical.com\/es\/wp-json\/wp\/v2\/types\/page"}],"author":[{"embeddable":true,"href":"https:\/\/btzmedical.com\/es\/wp-json\/wp\/v2\/users\/1"}],"replies":[{"embeddable":true,"href":"https:\/\/btzmedical.com\/es\/wp-json\/wp\/v2\/comments?post=1910"}],"version-history":[{"count":1,"href":"https:\/\/btzmedical.com\/es\/wp-json\/wp\/v2\/pages\/1910\/revisions"}],"predecessor-version":[{"id":1935,"href":"https:\/\/btzmedical.com\/es\/wp-json\/wp\/v2\/pages\/1910\/revisions\/1935"}],"wp:attachment":[{"href":"https:\/\/btzmedical.com\/es\/wp-json\/wp\/v2\/media?parent=1910"}],"curies":[{"name":"wp","href":"https:\/\/api.w.org\/{rel}","templated":true}]}}