{"id":1814,"date":"2025-11-18T15:23:59","date_gmt":"2025-11-18T15:23:59","guid":{"rendered":"https:\/\/btzmedical.com\/lumifil\/"},"modified":"2026-03-02T13:38:38","modified_gmt":"2026-03-02T13:38:38","slug":"lumifil","status":"publish","type":"page","link":"https:\/\/btzmedical.com\/it\/lumifil\/","title":{"rendered":"Lumifil"},"content":{"rendered":"\t\t<div data-elementor-type=\"wp-page\" data-elementor-id=\"1814\" class=\"elementor elementor-1814 elementor-53\" data-elementor-post-type=\"page\">\n\t\t\t\t<div class=\"elementor-element elementor-element-4a533303 e-flex e-con-boxed elementor-invisible e-con e-parent\" data-id=\"4a533303\" data-element_type=\"container\" data-e-type=\"container\" data-settings=\"{&quot;animation&quot;:&quot;fadeIn&quot;}\">\n\t\t\t\t\t<div class=\"e-con-inner\">\n\t\t<div class=\"elementor-element elementor-element-642d9c51 e-con-full e-flex e-con e-child\" data-id=\"642d9c51\" data-element_type=\"container\" data-e-type=\"container\">\n\t\t\t\t<div class=\"elementor-element elementor-element-5dfd8a44 elementor-widget elementor-widget-heading\" data-id=\"5dfd8a44\" data-element_type=\"widget\" data-e-type=\"widget\" data-widget_type=\"heading.default\">\n\t\t\t\t\t<h2 class=\"elementor-heading-title elementor-size-default\">LUMIFIL L-Max con Lidocaina<\/h2>\t\t\t\t<\/div>\n\t\t\t\t<div class=\"elementor-element elementor-element-5c44a8e5 elementor-widget elementor-widget-text-editor\" data-id=\"5c44a8e5\" data-element_type=\"widget\" data-e-type=\"widget\" data-widget_type=\"text-editor.default\">\n\t\t\t\t\t\t\t\t\t<p class=\"p1\">Ideale per le zone sottocutanee (Sub-Q), in particolare per l&#8217;aumento di naso, zigomi, mascella e mento, LUMIFIL Max \u00e8 il prodotto pi\u00f9 denso e duraturo della gamma LUMIFIL. Costituisce la scelta ideale per l&#8217;aumento facciale quando devono essere create strutture profonde e ben definite. <\/p><p class=\"p1\">LUMIFIL Max \u00e8 un filler dermico a base di acido ialuronico (AI) di altissima purezza.<\/p><p class=\"p1\">Gli effetti durano circa 9-15 mesi.<\/p>\t\t\t\t\t\t\t\t<\/div>\n\t\t\t\t<\/div>\n\t\t<div class=\"elementor-element elementor-element-3951b894 e-con-full e-flex e-con e-child\" data-id=\"3951b894\" data-element_type=\"container\" data-e-type=\"container\">\n\t\t\t\t<div class=\"elementor-element elementor-element-41fffaee elementor-widget elementor-widget-image\" data-id=\"41fffaee\" data-element_type=\"widget\" data-e-type=\"widget\" data-widget_type=\"image.default\">\n\t\t\t\t\t\t\t\t\t\t\t\t\t\t\t<img fetchpriority=\"high\" decoding=\"async\" width=\"780\" height=\"780\" src=\"https:\/\/btzmedical.com\/wp-content\/uploads\/2026\/02\/IMGL0360.webp\" class=\"attachment-large size-large wp-image-1818\" alt=\"lumifil l max con codaina\" srcset=\"https:\/\/btzmedical.com\/wp-content\/uploads\/2026\/02\/IMGL0360.webp 780w, https:\/\/btzmedical.com\/wp-content\/uploads\/2026\/02\/IMGL0360-300x300.webp 300w, https:\/\/btzmedical.com\/wp-content\/uploads\/2026\/02\/IMGL0360-150x150.webp 150w, https:\/\/btzmedical.com\/wp-content\/uploads\/2026\/02\/IMGL0360-768x768.webp 768w\" sizes=\"(max-width: 780px) 100vw, 780px\" \/>\t\t\t\t\t\t\t\t\t\t\t\t\t\t\t<\/div>\n\t\t\t\t<\/div>\n\t\t\t\t\t<\/div>\n\t\t\t\t<\/div>\n\t\t<div class=\"elementor-element elementor-element-4b808cc7 elementor-hidden-tablet elementor-hidden-mobile e-flex e-con-boxed elementor-invisible e-con e-parent\" data-id=\"4b808cc7\" data-element_type=\"container\" data-e-type=\"container\" data-settings=\"{&quot;animation&quot;:&quot;fadeIn&quot;}\">\n\t\t\t\t\t<div class=\"e-con-inner\">\n\t\t<div class=\"elementor-element elementor-element-1b47bdcd e-con-full e-flex e-con e-child\" data-id=\"1b47bdcd\" data-element_type=\"container\" data-e-type=\"container\">\n\t\t\t\t<div class=\"elementor-element elementor-element-119e5b3e elementor-widget elementor-widget-image\" data-id=\"119e5b3e\" data-element_type=\"widget\" data-e-type=\"widget\" data-widget_type=\"image.default\">\n\t\t\t\t\t\t\t\t\t\t\t\t\t\t\t<img decoding=\"async\" width=\"800\" height=\"800\" src=\"https:\/\/btzmedical.com\/wp-content\/uploads\/2026\/02\/IMGL0373-1.webp\" class=\"attachment-large size-large wp-image-1819\" alt=\"LUMIFIL L-Lite con Lidocaina\" srcset=\"https:\/\/btzmedical.com\/wp-content\/uploads\/2026\/02\/IMGL0373-1.webp 822w, https:\/\/btzmedical.com\/wp-content\/uploads\/2026\/02\/IMGL0373-1-300x300.webp 300w, https:\/\/btzmedical.com\/wp-content\/uploads\/2026\/02\/IMGL0373-1-150x150.webp 150w, https:\/\/btzmedical.com\/wp-content\/uploads\/2026\/02\/IMGL0373-1-768x768.webp 768w\" sizes=\"(max-width: 800px) 100vw, 800px\" \/>\t\t\t\t\t\t\t\t\t\t\t\t\t\t\t<\/div>\n\t\t\t\t<\/div>\n\t\t<div class=\"elementor-element elementor-element-6d420aef e-con-full e-flex e-con e-child\" data-id=\"6d420aef\" data-element_type=\"container\" data-e-type=\"container\">\n\t\t\t\t<div class=\"elementor-element elementor-element-5ada40d elementor-widget elementor-widget-heading\" data-id=\"5ada40d\" data-element_type=\"widget\" data-e-type=\"widget\" data-widget_type=\"heading.default\">\n\t\t\t\t\t<h2 class=\"elementor-heading-title elementor-size-default\">LUMIFIL L-Lite con Lidocaina<\/h2>\t\t\t\t<\/div>\n\t\t\t\t<div class=\"elementor-element elementor-element-558bb23 elementor-widget elementor-widget-text-editor\" data-id=\"558bb23\" data-element_type=\"widget\" data-e-type=\"widget\" data-widget_type=\"text-editor.default\">\n\t\t\t\t\t\t\t\t\t<p><span style=\"font-weight: 400;\">La scelta ideale per i trattamenti labbra con un lavoro di precisione.<\/span><\/p><p><span style=\"font-weight: 400;\">LUMIFIL Lite \u00e8 un gel filler dermico a base di acido ialuronico ultra-fine e a bassa viscosit\u00e0, progettato per il trattamento di linee sottili come zampe di gallina, rughe periorali, aumento delle labbra e rughe leggere della fronte.<\/span><\/p><p><span style=\"font-weight: 400;\">Perfettamente adatto anche alle tecniche labbra classiche e russe, questo filler \u00e8 ideale per lavori di dettaglio precisi e rimodellamenti mirati, consentendo di creare un volume superiore e un effetto lifting naturale.<\/span><\/p><p><span style=\"font-weight: 400;\">I risultati durano circa 12-15 mesi, a seconda delle caratteristiche individuali di ciascun paziente.<\/span><\/p>\t\t\t\t\t\t\t\t<\/div>\n\t\t\t\t<\/div>\n\t\t\t\t\t<\/div>\n\t\t\t\t<\/div>\n\t\t<div class=\"elementor-element elementor-element-bc65caf elementor-hidden-desktop elementor-hidden-tablet e-flex e-con-boxed elementor-invisible e-con e-parent\" data-id=\"bc65caf\" data-element_type=\"container\" data-e-type=\"container\" data-settings=\"{&quot;animation&quot;:&quot;fadeIn&quot;}\">\n\t\t\t\t\t<div class=\"e-con-inner\">\n\t\t<div class=\"elementor-element elementor-element-0b65746 e-con-full e-flex e-con e-child\" data-id=\"0b65746\" data-element_type=\"container\" data-e-type=\"container\">\n\t\t\t\t<div class=\"elementor-element elementor-element-2db3e1b elementor-widget elementor-widget-heading\" data-id=\"2db3e1b\" data-element_type=\"widget\" data-e-type=\"widget\" data-widget_type=\"heading.default\">\n\t\t\t\t\t<h2 class=\"elementor-heading-title elementor-size-default\">LUMIFIL L-Lite con Lidocaina<\/h2>\t\t\t\t<\/div>\n\t\t\t\t<div class=\"elementor-element elementor-element-9d6658f elementor-widget elementor-widget-text-editor\" data-id=\"9d6658f\" data-element_type=\"widget\" data-e-type=\"widget\" data-widget_type=\"text-editor.default\">\n\t\t\t\t\t\t\t\t\t<p><span style=\"font-weight: 400;\">La scelta ideale per i trattamenti labbra con un lavoro di precisione.<\/span><\/p><p><span style=\"font-weight: 400;\">LUMIFIL Lite \u00e8 un gel filler dermico a base di acido ialuronico ultra-fine e a bassa viscosit\u00e0, progettato per il trattamento di linee sottili come zampe di gallina, rughe periorali, aumento delle labbra e rughe leggere della fronte.<\/span><\/p><p><span style=\"font-weight: 400;\">Perfettamente adatto anche alle tecniche labbra classiche e russe, questo filler \u00e8 ideale per lavori di dettaglio precisi e rimodellamenti mirati, consentendo di creare un volume superiore e un effetto lifting naturale.<\/span><\/p><p><span style=\"font-weight: 400;\">I risultati durano circa 12-15 mesi, a seconda delle caratteristiche individuali di ciascun paziente.<\/span><\/p>\t\t\t\t\t\t\t\t<\/div>\n\t\t\t\t<\/div>\n\t\t<div class=\"elementor-element elementor-element-c0d8cc0 e-con-full e-flex e-con e-child\" data-id=\"c0d8cc0\" data-element_type=\"container\" data-e-type=\"container\">\n\t\t\t\t<div class=\"elementor-element elementor-element-fef6680 elementor-widget elementor-widget-image\" data-id=\"fef6680\" data-element_type=\"widget\" data-e-type=\"widget\" data-widget_type=\"image.default\">\n\t\t\t\t\t\t\t\t\t\t\t\t\t\t\t<img decoding=\"async\" width=\"800\" height=\"800\" src=\"https:\/\/btzmedical.com\/wp-content\/uploads\/2026\/02\/IMGL0373-1.webp\" class=\"attachment-large size-large wp-image-1819\" alt=\"LUMIFIL L-Lite con Lidocaina\" srcset=\"https:\/\/btzmedical.com\/wp-content\/uploads\/2026\/02\/IMGL0373-1.webp 822w, https:\/\/btzmedical.com\/wp-content\/uploads\/2026\/02\/IMGL0373-1-300x300.webp 300w, https:\/\/btzmedical.com\/wp-content\/uploads\/2026\/02\/IMGL0373-1-150x150.webp 150w, https:\/\/btzmedical.com\/wp-content\/uploads\/2026\/02\/IMGL0373-1-768x768.webp 768w\" sizes=\"(max-width: 800px) 100vw, 800px\" \/>\t\t\t\t\t\t\t\t\t\t\t\t\t\t\t<\/div>\n\t\t\t\t<\/div>\n\t\t\t\t\t<\/div>\n\t\t\t\t<\/div>\n\t\t<div class=\"elementor-element elementor-element-5b9914b e-flex e-con-boxed elementor-invisible e-con e-parent\" data-id=\"5b9914b\" data-element_type=\"container\" data-e-type=\"container\" data-settings=\"{&quot;animation&quot;:&quot;fadeIn&quot;}\">\n\t\t\t\t\t<div class=\"e-con-inner\">\n\t\t<div class=\"elementor-element elementor-element-2fd7944 e-con-full e-flex e-con e-child\" data-id=\"2fd7944\" data-element_type=\"container\" data-e-type=\"container\">\n\t\t\t\t<div class=\"elementor-element elementor-element-7900787 elementor-widget elementor-widget-heading\" data-id=\"7900787\" data-element_type=\"widget\" data-e-type=\"widget\" data-widget_type=\"heading.default\">\n\t\t\t\t\t<h2 class=\"elementor-heading-title elementor-size-default\">LUMIFIL L-Kiss con Lidocaina<\/h2>\t\t\t\t<\/div>\n\t\t\t\t<div class=\"elementor-element elementor-element-c4e8150 elementor-widget elementor-widget-text-editor\" data-id=\"c4e8150\" data-element_type=\"widget\" data-e-type=\"widget\" data-widget_type=\"text-editor.default\">\n\t\t\t\t\t\t\t\t\t<p class=\"p1\">Il gel filler dermico a base di acido ialuronico ideale per l&#8217;aumento delle labbra e per le zone che richiedono una texture pi\u00f9 spessa e una viscosit\u00e0 pi\u00f9 elevata.<\/p><p class=\"p1\">LUMIFIL Kiss pu\u00f2 essere utilizzato anche per zigomi, mento e pieghe nasolabiali, a seconda della natura e della profondit\u00e0 delle rughe.<\/p><p class=\"p1\">I risultati durano circa 9-12 mesi.<\/p>\t\t\t\t\t\t\t\t<\/div>\n\t\t\t\t<\/div>\n\t\t<div class=\"elementor-element elementor-element-40c32ae e-con-full e-flex e-con e-child\" data-id=\"40c32ae\" data-element_type=\"container\" data-e-type=\"container\">\n\t\t\t\t<div class=\"elementor-element elementor-element-bf8ab17 elementor-widget elementor-widget-image\" data-id=\"bf8ab17\" data-element_type=\"widget\" data-e-type=\"widget\" data-widget_type=\"image.default\">\n\t\t\t\t\t\t\t\t\t\t\t\t\t\t\t<img decoding=\"async\" width=\"758\" height=\"758\" src=\"https:\/\/btzmedical.com\/wp-content\/uploads\/2026\/02\/IMGL0382.webp\" class=\"attachment-large size-large wp-image-1820\" alt=\"LUMIFIL L-Kiss con Lidocaina\" srcset=\"https:\/\/btzmedical.com\/wp-content\/uploads\/2026\/02\/IMGL0382.webp 758w, https:\/\/btzmedical.com\/wp-content\/uploads\/2026\/02\/IMGL0382-300x300.webp 300w, https:\/\/btzmedical.com\/wp-content\/uploads\/2026\/02\/IMGL0382-150x150.webp 150w\" sizes=\"(max-width: 758px) 100vw, 758px\" \/>\t\t\t\t\t\t\t\t\t\t\t\t\t\t\t<\/div>\n\t\t\t\t<\/div>\n\t\t\t\t\t<\/div>\n\t\t\t\t<\/div>\n\t\t<div class=\"elementor-element elementor-element-6a998f57 e-flex e-con-boxed e-con e-parent\" data-id=\"6a998f57\" data-element_type=\"container\" data-e-type=\"container\" data-settings=\"{&quot;background_background&quot;:&quot;classic&quot;}\">\n\t\t\t\t\t<div class=\"e-con-inner\">\n\t\t<div class=\"elementor-element elementor-element-25d5500e e-con-full e-flex e-con e-child\" data-id=\"25d5500e\" data-element_type=\"container\" data-e-type=\"container\" data-settings=\"{&quot;background_background&quot;:&quot;classic&quot;}\">\n\t\t\t\t<div class=\"elementor-element elementor-element-9b56152 elementor-widget elementor-widget-heading\" data-id=\"9b56152\" data-element_type=\"widget\" data-e-type=\"widget\" data-widget_type=\"heading.default\">\n\t\t\t\t\t<h2 class=\"elementor-heading-title elementor-size-default\">Contattaci<\/h2>\t\t\t\t<\/div>\n\t\t\t\t<div class=\"elementor-element elementor-element-553fb43f elementor-widget elementor-widget-text-editor\" data-id=\"553fb43f\" data-element_type=\"widget\" data-e-type=\"widget\" data-widget_type=\"text-editor.default\">\n\t\t\t\t\t\t\t\t\t<p class=\"p1\">Per qualsiasi richiesta di informazioni o chiarimenti sui nostri prodotti,<br><span class=\"s1\">\ud83d\udce9<\/span> <b>info@btzmedical.com<br><\/b>Il nostro team sar\u00e0 lieto di rispondere alle vostre domande.<\/p>\t\t\t\t\t\t\t\t<\/div>\n\t\t\t\t<div class=\"elementor-element elementor-element-37b7b7ae elementor-mobile-align-center elementor-align-center elementor-widget elementor-widget-button\" data-id=\"37b7b7ae\" data-element_type=\"widget\" data-e-type=\"widget\" data-widget_type=\"button.default\">\n\t\t\t\t\t\t\t\t\t\t<a class=\"elementor-button elementor-button-link elementor-size-sm\" href=\"https:\/\/btzmedical.com\/it\/contatti\/\">\n\t\t\t\t\t\t<span class=\"elementor-button-content-wrapper\">\n\t\t\t\t\t\t\t\t\t<span class=\"elementor-button-text\">Contatto<\/span>\n\t\t\t\t\t<\/span>\n\t\t\t\t\t<\/a>\n\t\t\t\t\t\t\t\t<\/div>\n\t\t\t\t<\/div>\n\t\t\t\t\t<\/div>\n\t\t\t\t<\/div>\n\t\t\t\t<\/div>\n\t\t","protected":false},"excerpt":{"rendered":"<p>LUMIFIL L-Max con Lidocaina Ideale per le zone sottocutanee (Sub-Q), in particolare per l&#8217;aumento di naso, zigomi, mascella e mento, LUMIFIL Max \u00e8 il prodotto pi\u00f9 denso e duraturo della gamma LUMIFIL. Costituisce la scelta ideale per l&#8217;aumento facciale quando devono essere create strutture profonde e ben definite. LUMIFIL Max \u00e8 un filler dermico a [&hellip;]<\/p>\n","protected":false},"author":1,"featured_media":0,"parent":0,"menu_order":0,"comment_status":"closed","ping_status":"closed","template":"","meta":{"_joinchat":[],"footnotes":""},"class_list":["post-1814","page","type-page","status-publish","hentry"],"_links":{"self":[{"href":"https:\/\/btzmedical.com\/it\/wp-json\/wp\/v2\/pages\/1814","targetHints":{"allow":["GET"]}}],"collection":[{"href":"https:\/\/btzmedical.com\/it\/wp-json\/wp\/v2\/pages"}],"about":[{"href":"https:\/\/btzmedical.com\/it\/wp-json\/wp\/v2\/types\/page"}],"author":[{"embeddable":true,"href":"https:\/\/btzmedical.com\/it\/wp-json\/wp\/v2\/users\/1"}],"replies":[{"embeddable":true,"href":"https:\/\/btzmedical.com\/it\/wp-json\/wp\/v2\/comments?post=1814"}],"version-history":[{"count":1,"href":"https:\/\/btzmedical.com\/it\/wp-json\/wp\/v2\/pages\/1814\/revisions"}],"predecessor-version":[{"id":1821,"href":"https:\/\/btzmedical.com\/it\/wp-json\/wp\/v2\/pages\/1814\/revisions\/1821"}],"wp:attachment":[{"href":"https:\/\/btzmedical.com\/it\/wp-json\/wp\/v2\/media?parent=1814"}],"curies":[{"name":"wp","href":"https:\/\/api.w.org\/{rel}","templated":true}]}}