{"id":1515,"date":"2026-01-28T08:50:58","date_gmt":"2026-01-28T08:50:58","guid":{"rendered":"https:\/\/btzmedical.com\/informacje-prawne\/"},"modified":"2026-03-02T13:33:05","modified_gmt":"2026-03-02T13:33:05","slug":"informacje-prawne","status":"publish","type":"page","link":"https:\/\/btzmedical.com\/pl\/informacje-prawne\/","title":{"rendered":"Informacje prawne"},"content":{"rendered":"\t\t<div data-elementor-type=\"wp-page\" data-elementor-id=\"1515\" class=\"elementor elementor-1515 elementor-353\" data-elementor-post-type=\"page\">\n\t\t\t\t<div class=\"elementor-element elementor-element-07fafe7 e-flex e-con-boxed e-con e-parent\" data-id=\"07fafe7\" data-element_type=\"container\" data-e-type=\"container\">\n\t\t\t\t\t<div class=\"e-con-inner\">\n\t\t\t\t<div class=\"elementor-element elementor-element-1bb180f elementor-widget elementor-widget-text-editor\" data-id=\"1bb180f\" data-element_type=\"widget\" data-e-type=\"widget\" data-widget_type=\"text-editor.default\">\n\t\t\t\t\t\t\t\t\t<p class=\"p1\"><b>OG\u00d3LNE WARUNKI KORZYSTANIA Z SERWISU &amp; INFORMACJE PRAWNE<\/b><b><\/b><\/p><p class=\"p1\">Niniejsze og\u00f3lne warunki korzystania z serwisu (zwane dalej \u201eOWK\u201d) maj\u0105 zastosowanie do strony internetowej o adresie URL <b>https:\/\/btzmedical.com\/<\/b> (zwanej dalej \u201eSerwisem\u201d).<\/p><p class=\"p1\">Korzystaj\u0105c z tego Serwisu, akceptuj\u0105 Pa\u0144stwo OWK okre\u015blone poni\u017cej.<\/p><p class=\"p1\">Je\u015bli nie chc\u0105 Pa\u0144stwo zaakceptowa\u0107 niniejszych OWK, prosimy o niekorzystanie z tego Serwisu.<\/p><p class=\"p1\">Ka\u017cda wizyta i\/lub korzystanie z tego Serwisu musi odbywa\u0107 si\u0119 z poszanowaniem niniejszych OWK.<\/p><p class=\"p1\">\u2e3b<\/p><p class=\"p1\"><b>CEL SERWISU<\/b><b><\/b><\/p><p class=\"p1\"><b>BTZ MEDICAL<\/b> uruchomi\u0142a ten Serwis w celu przekazywania informacji do osobistego u\u017cytku u\u017cytkownik\u00f3w.<\/p><p class=\"p1\">Serwis zosta\u0142 opracowany z my\u015bl\u0105 o wszystkich internautach, kt\u00f3rzy chc\u0105 lepiej pozna\u0107 <b>BTZ MEDICAL<\/b>, jej dzia\u0142alno\u015b\u0107, produkty i us\u0142ugi.<\/p><p class=\"p1\">\u2e3b<\/p><p class=\"p1\"><b>INFORMACJE PRAWNE<\/b><b><\/b><\/p><p class=\"p1\"><b>1 \u2013 Wydawca Serwisu<\/b><b><\/b><\/p><p class=\"p1\">Niniejszy Serwis jest wydawany przez: <b>Jean-Luc Mayoral<\/b><\/p><p class=\"p1\"><b>BTZ MEDICAL SUPPLIE<\/b><b><\/b><\/p><p class=\"p1\">W\u0142a\u015bciciel: <b>Jean-Luc Mayoral<\/b><b><\/b><\/p><p class=\"p1\">241 Chemin Morzelai<\/p><p class=\"p1\">64310 Ascain<\/p><p class=\"p1\">Nowa Akwitania \u2013 Francja<\/p><p class=\"p1\">SIRET: <b>830 369 500 00038<\/b><b><\/b><\/p><p class=\"p1\">E-mail: <b>info@btzmedical.com<\/b><b><\/b><\/p><p class=\"p1\">\u2e3b<\/p><p class=\"p1\"><b>2 \u2013 Webmaster &amp; osoba odpowiedzialna za publikacj\u0119<\/b><b><\/b><\/p><p class=\"p1\"><b>BTZ MEDICAL<\/b><b><\/b><\/p><p class=\"p1\">\u2e3b<\/p><p class=\"p1\"><b>3 \u2013 Hosting Serwisu<\/b><b><\/b><\/p><p class=\"p1\"><b>VIADUC<\/b><b><\/b><\/p><p class=\"p1\">(hostingodawca Serwisu)<\/p><p class=\"p1\">\u2e3b<\/p><p class=\"p1\"><b>4 \u2013 Informacje \u2013 Prawa autorskie<\/b><b><\/b><\/p><p class=\"p1\">Og\u00f3lna struktura, a tak\u017ce teksty, obrazy (animowane lub nie), d\u017awi\u0119ki, logotypy oraz wszelkie inne elementy sk\u0142adaj\u0105ce si\u0119 na Serwis stanowi\u0105 wy\u0142\u0105czn\u0105 w\u0142asno\u015b\u0107 <b>BTZ MEDICAL<\/b>, o ile nie wskazano inaczej.<\/p><p class=\"p1\">Jakiekolwiek przedstawienie Serwisu w ca\u0142o\u015bci lub w cz\u0119\u015bci, jak\u0105kolwiek metod\u0105, bez wyra\u017anej zgody <b>BTZ MEDICAL<\/b> jest zabronione i stanowi\u0142oby naruszenie praw autorskich, podlegaj\u0105ce sankcjom na mocy art. L.335-2 i nast\u0119pnych Kodeksu w\u0142asno\u015bci intelektualnej.<\/p><p class=\"p1\">\u2e3b<\/p><p class=\"p1\"><b>W\u0141ASNO\u015a\u0106 INTELEKTUALNA<\/b><b><\/b><\/p><p class=\"p1\">Wszystkie elementy graficzne, obrazy, teksty, sekwencje animowane (z d\u017awi\u0119kiem lub bez), logotypy, znaki towarowe oraz nazwy produkt\u00f3w tworz\u0105ce i\/lub przedstawione w Serwisie s\u0105 chronione przepisami dotycz\u0105cymi w\u0142asno\u015bci intelektualnej.<\/p><p class=\"p1\">W zale\u017cno\u015bci od przypadku stanowi\u0105 one w\u0142asno\u015b\u0107 <b>BTZ MEDICAL<\/b> lub os\u00f3b trzecich, kt\u00f3re upowa\u017cni\u0142y <b>BTZ MEDICAL<\/b> do ich u\u017cywania.<\/p><p class=\"p1\">Ca\u0142y Serwis stanowi utw\u00f3r chroniony obowi\u0105zuj\u0105cymi przepisami.<\/p><p class=\"p1\">\u017badne powielanie i\/lub rozpowszechnianie, cz\u0119\u015bciowe lub ca\u0142kowite, nie mo\u017ce by\u0107 dokonane bez uprzedniej pisemnej zgody <b>BTZ MEDICAL<\/b>.<\/p><p class=\"p1\">Ka\u017cde nieuprawnione powielanie, wykorzystanie, adaptacja, t\u0142umaczenie lub modyfikacja mo\u017ce stanowi\u0107 naruszenie praw i skutkowa\u0107 odpowiedzialno\u015bci\u0105 autora.<\/p><p class=\"p1\">\u2e3b<\/p><p class=\"p1\"><b>ODPOWIEDZIALNO\u015a\u0106<\/b><b><\/b><\/p><p class=\"p1\"><b>1 \u2013 Dost\u0119p, dzia\u0142anie i ci\u0105g\u0142o\u015b\u0107 Serwisu<\/b><b><\/b><\/p><p class=\"p1\"><b>BTZ MEDICAL<\/b> nie mo\u017ce zagwarantowa\u0107 ci\u0105g\u0142ego i bezb\u0142\u0119dnego dost\u0119pu do Serwisu.<\/p><p class=\"p1\">Odpowiedzialno\u015b\u0107 <b>BTZ MEDICAL<\/b> nie mo\u017ce zosta\u0107 poci\u0105gni\u0119ta w przypadku przerwy w dzia\u0142aniu, nieprawid\u0142owego funkcjonowania, awarii technicznej lub dzia\u0142ania si\u0142y wy\u017cszej.<\/p><p class=\"p1\"><b>BTZ MEDICAL<\/b> nie ponosi odpowiedzialno\u015bci za szkody bezpo\u015brednie lub po\u015brednie mog\u0105ce wynika\u0107 z korzystania z Serwisu, w tym za nieuprawniony dost\u0119p do danych lub obecno\u015b\u0107 wirus\u00f3w.<\/p><p class=\"p1\">\u2e3b<\/p><p class=\"p1\"><b>2 \u2013 Tre\u015b\u0107 Serwisu<\/b><b><\/b><\/p><p class=\"p1\"><b>BTZ MEDICAL<\/b> dok\u0142ada stara\u0144, aby dostarcza\u0107 informacje dok\u0142adne i aktualne.<\/p><p class=\"p1\">Jednak <b>BTZ MEDICAL<\/b> nie mo\u017ce zagwarantowa\u0107 poprawno\u015bci, precyzji ani kompletno\u015bci udost\u0119pnianych informacji.<\/p><p class=\"p1\">W zwi\u0105zku z tym <b>BTZ MEDICAL<\/b> nie ponosi odpowiedzialno\u015bci:<\/p><p class=\"p1\">\u2022w przypadku b\u0142\u0119du lub pomini\u0119cia,<\/p><p class=\"p1\">\u2022w przypadku zmiany tre\u015bci przez osob\u0119 trzeci\u0105,<\/p><p class=\"p1\">\u2022za wszelkie szkody wynikaj\u0105ce z korzystania z Serwisu.<\/p><p class=\"p1\">\u2e3b<\/p><p class=\"p1\"><b>WYKORZYSTANIE DANYCH OSOBOWYCH<\/b><b><\/b><\/p><p class=\"p1\">W Serwisie mog\u0105 by\u0107 zbierane dane osobowe.<\/p><p class=\"p1\">Dane te s\u0105 przetwarzane zgodnie z obowi\u0105zuj\u0105cymi przepisami prawa francuskiego i europejskiego, w szczeg\u00f3lno\u015bci <b>RODO<\/b> oraz ustaw\u0105 Informatique et Libert\u00e9s.<\/p><p class=\"p1\">U\u017cytkownik ma prawo dost\u0119pu do swoich danych, ich sprostowania, wniesienia sprzeciwu oraz usuni\u0119cia.<\/p><p class=\"p1\">Z praw tych mo\u017cna skorzysta\u0107, wysy\u0142aj\u0105c e-mail na adres: <b>info@btzmedical.com<\/b><b><\/b><\/p><p class=\"p1\">\u017badne dane osobowe nie s\u0105 przekazywane osobom trzecim, chyba \u017ce wynika to z obowi\u0105zku prawnego lub z wyra\u017anej zgody u\u017cytkownika.<\/p><p class=\"p1\">\u2e3b<\/p><p class=\"p1\"><b>HIPER\u0141\u0104CZA<\/b><b><\/b><\/p><p class=\"p1\">Serwis mo\u017ce zawiera\u0107 hiper\u0142\u0105cza do innych stron internetowych.<\/p><p class=\"p1\"><b>BTZ MEDICAL<\/b> nie ponosi odpowiedzialno\u015bci za tre\u015bci, dzia\u0142anie ani praktyki tych stron os\u00f3b trzecich.<\/p><p class=\"p1\">Utworzenie linku do Serwisu wymaga uprzedniej zgody <b>BTZ MEDICAL<\/b>.<\/p><p class=\"p1\">\u2e3b<\/p><p class=\"p1\"><b>PLIKI COOKIES<\/b><b><\/b><\/p><p class=\"p1\">Serwis mo\u017ce wykorzystywa\u0107 pliki cookies w celu poprawy do\u015bwiadcze\u0144 u\u017cytkownika oraz tworzenia statystyk odwiedzin.<\/p><p class=\"p1\">U\u017cytkownik mo\u017ce skonfigurowa\u0107 przegl\u0105dark\u0119 tak, aby odrzuca\u0142a wszystkie lub cz\u0119\u015b\u0107 plik\u00f3w cookies.<\/p><p class=\"p1\">Jednak wy\u0142\u0105czenie plik\u00f3w cookies mo\u017ce ograniczy\u0107 niekt\u00f3re funkcjonalno\u015bci Serwisu.<\/p><p class=\"p1\">\u2e3b<\/p><p class=\"p1\"><b>PRAWO W\u0141A\u015aCIWE<\/b><b><\/b><\/p><p class=\"p1\">Niniejszy Serwis podlega <b>prawu francuskiemu<\/b>.<\/p><p class=\"p1\">Wszelkie spory dotycz\u0105ce jego u\u017cytkowania podlegaj\u0105 wy\u0142\u0105cznej w\u0142a\u015bciwo\u015bci s\u0105d\u00f3w francuskich.<\/p><p class=\"p1\">\u2e3b<\/p><p class=\"p1\"><b>ZMIANA OWK<\/b><b><\/b><\/p><p class=\"p1\"><b>BTZ MEDICAL<\/b> zastrzega sobie prawo do zmiany niniejszych OWK w dowolnym momencie.<\/p><p class=\"p1\">U\u017cytkownik powinien regularnie sprawdza\u0107 t\u0119 stron\u0119, aby zapozna\u0107 si\u0119 z ewentualnymi zmianami.<\/p>\t\t\t\t\t\t\t\t<\/div>\n\t\t\t\t\t<\/div>\n\t\t\t\t<\/div>\n\t\t\t\t<\/div>\n\t\t","protected":false},"excerpt":{"rendered":"<p>OG\u00d3LNE WARUNKI KORZYSTANIA Z SERWISU &amp; INFORMACJE PRAWNE Niniejsze og\u00f3lne warunki korzystania z serwisu (zwane dalej \u201eOWK\u201d) maj\u0105 zastosowanie do strony internetowej o adresie URL https:\/\/btzmedical.com\/ (zwanej dalej \u201eSerwisem\u201d). Korzystaj\u0105c z tego Serwisu, akceptuj\u0105 Pa\u0144stwo OWK okre\u015blone poni\u017cej. Je\u015bli nie chc\u0105 Pa\u0144stwo zaakceptowa\u0107 niniejszych OWK, prosimy o niekorzystanie z tego Serwisu. Ka\u017cda wizyta i\/lub korzystanie [&hellip;]<\/p>\n","protected":false},"author":1,"featured_media":0,"parent":0,"menu_order":0,"comment_status":"closed","ping_status":"closed","template":"","meta":{"_joinchat":[],"footnotes":""},"class_list":["post-1515","page","type-page","status-publish","hentry"],"_links":{"self":[{"href":"https:\/\/btzmedical.com\/pl\/wp-json\/wp\/v2\/pages\/1515","targetHints":{"allow":["GET"]}}],"collection":[{"href":"https:\/\/btzmedical.com\/pl\/wp-json\/wp\/v2\/pages"}],"about":[{"href":"https:\/\/btzmedical.com\/pl\/wp-json\/wp\/v2\/types\/page"}],"author":[{"embeddable":true,"href":"https:\/\/btzmedical.com\/pl\/wp-json\/wp\/v2\/users\/1"}],"replies":[{"embeddable":true,"href":"https:\/\/btzmedical.com\/pl\/wp-json\/wp\/v2\/comments?post=1515"}],"version-history":[{"count":1,"href":"https:\/\/btzmedical.com\/pl\/wp-json\/wp\/v2\/pages\/1515\/revisions"}],"predecessor-version":[{"id":1517,"href":"https:\/\/btzmedical.com\/pl\/wp-json\/wp\/v2\/pages\/1515\/revisions\/1517"}],"wp:attachment":[{"href":"https:\/\/btzmedical.com\/pl\/wp-json\/wp\/v2\/media?parent=1515"}],"curies":[{"name":"wp","href":"https:\/\/api.w.org\/{rel}","templated":true}]}}