{"id":1742,"date":"2025-11-18T15:21:28","date_gmt":"2025-11-18T15:21:28","guid":{"rendered":"https:\/\/btzmedical.com\/strona-glowna\/"},"modified":"2026-03-02T13:37:58","modified_gmt":"2026-03-02T13:37:58","slug":"strona-glowna","status":"publish","type":"page","link":"https:\/\/btzmedical.com\/pl\/","title":{"rendered":"Strona g\u0142\u00f3wna"},"content":{"rendered":"\t\t<div data-elementor-type=\"wp-page\" data-elementor-id=\"1742\" class=\"elementor elementor-1742 elementor-41\" data-elementor-post-type=\"page\">\n\t\t\t\t<div class=\"elementor-element elementor-element-7f92cf5b e-flex e-con-boxed elementor-invisible e-con e-parent\" data-id=\"7f92cf5b\" data-element_type=\"container\" data-e-type=\"container\" data-settings=\"{&quot;animation&quot;:&quot;fadeIn&quot;}\">\n\t\t\t\t\t<div class=\"e-con-inner\">\n\t\t<div class=\"elementor-element elementor-element-40b7222f e-con-full e-flex e-con e-child\" data-id=\"40b7222f\" data-element_type=\"container\" data-e-type=\"container\">\n\t\t\t\t<div class=\"elementor-element elementor-element-8d4bbf5 elementor-widget elementor-widget-heading\" data-id=\"8d4bbf5\" data-element_type=\"widget\" data-e-type=\"widget\" data-widget_type=\"heading.default\">\n\t\t\t\t\t<h2 class=\"elementor-heading-title elementor-size-default\">firma dystrybucyjna<\/h2>\t\t\t\t<\/div>\n\t\t\t\t<div class=\"elementor-element elementor-element-332f457e elementor-widget elementor-widget-heading\" data-id=\"332f457e\" data-element_type=\"widget\" data-e-type=\"widget\" data-widget_type=\"heading.default\">\n\t\t\t\t\t<h1 class=\"elementor-heading-title elementor-size-default\">btz medical aesthetics<\/h1>\t\t\t\t<\/div>\n\t\t\t\t<div class=\"elementor-element elementor-element-73b5f8b7 elementor-widget elementor-widget-text-editor\" data-id=\"73b5f8b7\" data-element_type=\"widget\" data-e-type=\"widget\" data-widget_type=\"text-editor.default\">\n\t\t\t\t\t\t\t\t\t<p class=\"p1\"><b>BTZ Medical Supplies<\/b> jest jednym z mi\u0119dzynarodowych lider\u00f3w w dystrybucji hurtowej i detalicznej produkt\u00f3w estetycznych oraz urz\u0105dze\u0144 medycznych pochodz\u0105cych od najwi\u0119kszych marek na rynku. Z siedzib\u0105 we Francji i dzia\u0142alno\u015bci\u0105 mi\u0119dzynarodow\u0105, nasza firma wspiera profesjonalist\u00f3w z bran\u017cy estetycznej, medycznej i wellness, oferuj\u0105c im bezpieczny, szybki i niezawodny dost\u0119p do szerokiej gamy produkt\u00f3w premium. <\/p><p><span style=\"font-weight: 400;\">Oferujemy kompletne portfolio produkt\u00f3w uznanych na ca\u0142ym \u015bwiecie, w tym <\/span><b>PromoItalia, Lemonbottle, Lumifill, Seventy Hyal, <\/b><b>Allergan, Galderma, Teoxane, Filorga, Croma, IBSA<\/b><span style=\"font-weight: 400;\"> (Profhilo, Profhilo Structura), <\/span><b>Lemonbottle, Radiesse, Sculptra<\/b><span style=\"font-weight: 400;\">, a tak\u017ce <\/span><b>Merz<\/b><span style=\"font-weight: 400;\"> (Radiesse) w dziedzinie estetyki medycznej.<\/span><\/p>\t\t\t\t\t\t\t\t<\/div>\n\t\t\t\t<div class=\"elementor-element elementor-element-1e51237 elementor-widget elementor-widget-button\" data-id=\"1e51237\" data-element_type=\"widget\" data-e-type=\"widget\" data-widget_type=\"button.default\">\n\t\t\t\t\t\t\t\t\t\t<a class=\"elementor-button elementor-button-link elementor-size-sm\" href=\"https:\/\/btzmedical.com\/pl\/kontakt\/\">\n\t\t\t\t\t\t<span class=\"elementor-button-content-wrapper\">\n\t\t\t\t\t\t\t\t\t<span class=\"elementor-button-text\">KONTAKT<\/span>\n\t\t\t\t\t<\/span>\n\t\t\t\t\t<\/a>\n\t\t\t\t\t\t\t\t<\/div>\n\t\t\t\t<\/div>\n\t\t<div class=\"elementor-element elementor-element-3e014cc2 e-con-full e-flex e-con e-child\" data-id=\"3e014cc2\" data-element_type=\"container\" data-e-type=\"container\">\n\t\t\t\t<div class=\"elementor-element elementor-element-662cad17 elementor-hidden-mobile elementor-widget elementor-widget-image\" data-id=\"662cad17\" data-element_type=\"widget\" data-e-type=\"widget\" data-widget_type=\"image.default\">\n\t\t\t\t\t\t\t\t\t\t\t\t\t\t\t<img fetchpriority=\"high\" decoding=\"async\" width=\"799\" height=\"1024\" src=\"https:\/\/btzmedical.com\/wp-content\/uploads\/2026\/02\/AdobeStock_71167815-scaled-1-799x1024.webp\" class=\"attachment-large size-large wp-image-1778\" alt=\"btz medical\" srcset=\"https:\/\/btzmedical.com\/wp-content\/uploads\/2026\/02\/AdobeStock_71167815-scaled-1-799x1024.webp 799w, https:\/\/btzmedical.com\/wp-content\/uploads\/2026\/02\/AdobeStock_71167815-scaled-1-234x300.webp 234w, https:\/\/btzmedical.com\/wp-content\/uploads\/2026\/02\/AdobeStock_71167815-scaled-1-768x984.webp 768w, https:\/\/btzmedical.com\/wp-content\/uploads\/2026\/02\/AdobeStock_71167815-scaled-1-1199x1536.webp 1199w, https:\/\/btzmedical.com\/wp-content\/uploads\/2026\/02\/AdobeStock_71167815-scaled-1.webp 1499w\" sizes=\"(max-width: 799px) 100vw, 799px\" \/>\t\t\t\t\t\t\t\t\t\t\t\t\t\t\t<\/div>\n\t\t\t\t<\/div>\n\t\t\t\t\t<\/div>\n\t\t\t\t<\/div>\n\t\t<div class=\"elementor-element elementor-element-649873b e-flex e-con-boxed elementor-invisible e-con e-parent\" data-id=\"649873b\" data-element_type=\"container\" data-e-type=\"container\" data-settings=\"{&quot;animation&quot;:&quot;fadeIn&quot;,&quot;background_background&quot;:&quot;classic&quot;}\">\n\t\t\t\t\t<div class=\"e-con-inner\">\n\t\t<div class=\"elementor-element elementor-element-e040dcc e-con-full e-flex e-con e-child\" data-id=\"e040dcc\" data-element_type=\"container\" data-e-type=\"container\">\n\t\t\t\t<div class=\"elementor-element elementor-element-1e7aebf elementor-widget elementor-widget-image\" data-id=\"1e7aebf\" data-element_type=\"widget\" data-e-type=\"widget\" data-widget_type=\"image.default\">\n\t\t\t\t\t\t\t\t\t\t\t\t\t\t\t<img decoding=\"async\" width=\"800\" height=\"1009\" src=\"https:\/\/btzmedical.com\/wp-content\/uploads\/2026\/02\/Front-Page-girl-1-scaled-1-812x1024.webp\" class=\"attachment-large size-large wp-image-1780\" alt=\"btz medical\" srcset=\"https:\/\/btzmedical.com\/wp-content\/uploads\/2026\/02\/Front-Page-girl-1-scaled-1-812x1024.webp 812w, https:\/\/btzmedical.com\/wp-content\/uploads\/2026\/02\/Front-Page-girl-1-scaled-1-238x300.webp 238w, https:\/\/btzmedical.com\/wp-content\/uploads\/2026\/02\/Front-Page-girl-1-scaled-1-768x969.webp 768w, https:\/\/btzmedical.com\/wp-content\/uploads\/2026\/02\/Front-Page-girl-1-scaled-1-1218x1536.webp 1218w, https:\/\/btzmedical.com\/wp-content\/uploads\/2026\/02\/Front-Page-girl-1-scaled-1.webp 1522w\" sizes=\"(max-width: 800px) 100vw, 800px\" \/>\t\t\t\t\t\t\t\t\t\t\t\t\t\t\t<\/div>\n\t\t\t\t<\/div>\n\t\t<div class=\"elementor-element elementor-element-307d207 e-con-full e-flex e-con e-child\" data-id=\"307d207\" data-element_type=\"container\" data-e-type=\"container\">\n\t\t\t\t<div class=\"elementor-element elementor-element-a3085e6 elementor-widget elementor-widget-heading\" data-id=\"a3085e6\" data-element_type=\"widget\" data-e-type=\"widget\" data-widget_type=\"heading.default\">\n\t\t\t\t\t<h2 class=\"elementor-heading-title elementor-size-default\">btz medical orthopedics<\/h2>\t\t\t\t<\/div>\n\t\t\t\t<div class=\"elementor-element elementor-element-83a314c elementor-widget elementor-widget-text-editor\" data-id=\"83a314c\" data-element_type=\"widget\" data-e-type=\"widget\" data-widget_type=\"text-editor.default\">\n\t\t\t\t\t\t\t\t\t<p><span style=\"font-weight: 400;\">Dystrybuujemy r\u00f3wnie\u017c wyselekcjonowan\u0105 gam\u0119 produkt\u00f3w ortopedycznych, takich jak <\/span><b>Synvisc, Orthovisc, Euflexxa, Durolane, Hymovis<\/b><span style=\"font-weight: 400;\"> czy <\/span><b>Renehavis<\/b><span style=\"font-weight: 400;\">, spe\u0142niaj\u0105c wymagania specjalist\u00f3w w zakresie zdrowia i mobilno\u015bci staw\u00f3w.<\/span><\/p><p><span style=\"font-weight: 400;\">Dzi\u0119ki do\u015bwiadczonemu zespo\u0142owi i wydajnej mi\u0119dzynarodowej sieci logistycznej, <\/span><b>BTZ Medical Supplies<\/b><span style=\"font-weight: 400;\"> gwarantuje swoim klientom na ca\u0142ym \u015bwiecie produkty najwy\u017cszej jako\u015bci w <\/span><b>najlepszym stosunku jako\u015bci do ceny<\/b><span style=\"font-weight: 400;\">, spersonalizowan\u0105 obs\u0142ug\u0119 oraz szybkie wysy\u0142ki do wielu kraj\u00f3w.<\/span><span style=\"font-weight: 400;\"><br><\/span><b>Nasza misja: dostarczanie profesjonalistom najbezpieczniejszych, najskuteczniejszych i najbardziej innowacyjnych rozwi\u0105za\u0144, aby wspiera\u0107 i wzbogaca\u0107 ich codzienn\u0105 praktyk\u0119.<\/b><\/p>\t\t\t\t\t\t\t\t<\/div>\n\t\t\t\t<div class=\"elementor-element elementor-element-0449fcf elementor-widget elementor-widget-button\" data-id=\"0449fcf\" data-element_type=\"widget\" data-e-type=\"widget\" data-widget_type=\"button.default\">\n\t\t\t\t\t\t\t\t\t\t<a class=\"elementor-button elementor-button-link elementor-size-sm\" href=\"https:\/\/btzmedical.com\/pl\/btz-orthopedics\/\">\n\t\t\t\t\t\t<span class=\"elementor-button-content-wrapper\">\n\t\t\t\t\t\t\t\t\t<span class=\"elementor-button-text\">BTZ ORTHOPEDICS<\/span>\n\t\t\t\t\t<\/span>\n\t\t\t\t\t<\/a>\n\t\t\t\t\t\t\t\t<\/div>\n\t\t\t\t<\/div>\n\t\t\t\t\t<\/div>\n\t\t\t\t<\/div>\n\t\t\t\t<section class=\"elementor-section elementor-top-section elementor-element elementor-element-41bbe83f elementor-section-boxed elementor-section-height-default elementor-section-height-default\" data-id=\"41bbe83f\" data-element_type=\"section\" data-e-type=\"section\" data-settings=\"{&quot;background_background&quot;:&quot;classic&quot;}\">\n\t\t\t\t\t\t<div class=\"elementor-container elementor-column-gap-narrow\">\n\t\t\t\t\t<div class=\"elementor-column elementor-col-50 elementor-top-column elementor-element elementor-element-3dbd62af\" data-id=\"3dbd62af\" data-element_type=\"column\" data-e-type=\"column\">\n\t\t\t<div class=\"elementor-widget-wrap elementor-element-populated\">\n\t\t\t\t\t\t<div class=\"elementor-element elementor-element-a484f9e elementor-cta--skin-cover elementor-cta--valign-bottom elementor-animated-content elementor-bg-transform elementor-bg-transform-zoom-in elementor-widget elementor-widget-call-to-action\" data-id=\"a484f9e\" data-element_type=\"widget\" data-e-type=\"widget\" data-widget_type=\"call-to-action.default\">\n\t\t\t\t\t\t\t<a class=\"elementor-cta\" href=\"https:\/\/btzmedical.com\/btz-aesthetics\/\">\n\t\t\t\t\t<div class=\"elementor-cta__bg-wrapper\">\n\t\t\t\t<div class=\"elementor-cta__bg elementor-bg\" style=\"background-image: url(https:\/\/btzmedical.com\/wp-content\/uploads\/2026\/02\/2.webp);\" role=\"img\" aria-label=\"btz medical aesthetics\"><\/div>\n\t\t\t\t<div class=\"elementor-cta__bg-overlay\"><\/div>\n\t\t\t<\/div>\n\t\t\t\t\t\t\t<div class=\"elementor-cta__content\">\n\t\t\t\t\n\t\t\t\t\n\t\t\t\t\n\t\t\t\t\t\t\t\t\t<div class=\"elementor-cta__button-wrapper elementor-cta__content-item elementor-content-item elementor-animated-item--grow\">\n\t\t\t\t\t<span class=\"elementor-cta__button elementor-button elementor-size-\">\n\t\t\t\t\t\tOdkryj\t\t\t\t\t<\/span>\n\t\t\t\t\t<\/div>\n\t\t\t\t\t\t\t<\/div>\n\t\t\t\t\t\t<\/a>\n\t\t\t\t\t\t<\/div>\n\t\t\t\t\t<\/div>\n\t\t<\/div>\n\t\t\t\t<div class=\"elementor-column elementor-col-50 elementor-top-column elementor-element elementor-element-2ffe6cbc\" data-id=\"2ffe6cbc\" data-element_type=\"column\" data-e-type=\"column\">\n\t\t\t<div class=\"elementor-widget-wrap elementor-element-populated\">\n\t\t\t\t\t\t<div class=\"elementor-element elementor-element-2a843d7b elementor-cta--skin-cover elementor-cta--valign-bottom elementor-animated-content elementor-bg-transform elementor-bg-transform-zoom-in elementor-widget elementor-widget-call-to-action\" data-id=\"2a843d7b\" data-element_type=\"widget\" data-e-type=\"widget\" data-widget_type=\"call-to-action.default\">\n\t\t\t\t\t\t\t<a class=\"elementor-cta\" href=\"https:\/\/btzmedical.com\/pl\/btz-orthopedics\/\">\n\t\t\t\t\t<div class=\"elementor-cta__bg-wrapper\">\n\t\t\t\t<div class=\"elementor-cta__bg elementor-bg\" style=\"background-image: url(https:\/\/btzmedical.com\/wp-content\/uploads\/2026\/02\/1.webp);\" role=\"img\" aria-label=\"btz medical orthopedics\"><\/div>\n\t\t\t\t<div class=\"elementor-cta__bg-overlay\"><\/div>\n\t\t\t<\/div>\n\t\t\t\t\t\t\t<div class=\"elementor-cta__content\">\n\t\t\t\t\n\t\t\t\t\n\t\t\t\t\n\t\t\t\t\t\t\t\t\t<div class=\"elementor-cta__button-wrapper elementor-cta__content-item elementor-content-item elementor-animated-item--grow\">\n\t\t\t\t\t<span class=\"elementor-cta__button elementor-button elementor-size-\">\n\t\t\t\t\t\tOdkryj\t\t\t\t\t<\/span>\n\t\t\t\t\t<\/div>\n\t\t\t\t\t\t\t<\/div>\n\t\t\t\t\t\t<\/a>\n\t\t\t\t\t\t<\/div>\n\t\t\t\t\t<\/div>\n\t\t<\/div>\n\t\t\t\t\t<\/div>\n\t\t<\/section>\n\t\t\t\t<section class=\"elementor-section elementor-top-section elementor-element elementor-element-9c31ebe elementor-section-boxed elementor-section-height-default elementor-section-height-default\" data-id=\"9c31ebe\" data-element_type=\"section\" data-e-type=\"section\" data-settings=\"{&quot;background_background&quot;:&quot;classic&quot;}\">\n\t\t\t\t\t\t<div class=\"elementor-container elementor-column-gap-narrow\">\n\t\t\t\t\t<div class=\"elementor-column elementor-col-50 elementor-top-column elementor-element elementor-element-117aec8\" data-id=\"117aec8\" data-element_type=\"column\" data-e-type=\"column\">\n\t\t\t<div class=\"elementor-widget-wrap elementor-element-populated\">\n\t\t\t\t\t\t<div class=\"elementor-element elementor-element-16d3073 elementor-cta--skin-cover elementor-cta--valign-middle elementor-animated-content elementor-bg-transform elementor-bg-transform-zoom-in elementor-widget elementor-widget-call-to-action\" data-id=\"16d3073\" data-element_type=\"widget\" data-e-type=\"widget\" data-widget_type=\"call-to-action.default\">\n\t\t\t\t\t\t\t<a class=\"elementor-cta\" href=\"https:\/\/btzmedical.com\/promoitalia\/\">\n\t\t\t\t\t<div class=\"elementor-cta__bg-wrapper\">\n\t\t\t\t<div class=\"elementor-cta__bg elementor-bg\" style=\"background-image: url(https:\/\/btzmedical.com\/wp-content\/uploads\/2026\/02\/IMG_1800-ligh-beam-1-scaled-1.webp);\" role=\"img\" aria-label=\"promo italia\"><\/div>\n\t\t\t\t<div class=\"elementor-cta__bg-overlay\"><\/div>\n\t\t\t<\/div>\n\t\t\t\t\t\t\t<div class=\"elementor-cta__content\">\n\t\t\t\t\n\t\t\t\t\t\t\t\t\t<h3 class=\"elementor-cta__title elementor-cta__content-item elementor-content-item elementor-animated-item--grow\">\n\t\t\t\t\t\tPromo Italia\t\t\t\t\t<\/h3>\n\t\t\t\t\n\t\t\t\t\n\t\t\t\t\t\t\t\t\t<div class=\"elementor-cta__button-wrapper elementor-cta__content-item elementor-content-item elementor-animated-item--grow\">\n\t\t\t\t\t<span class=\"elementor-cta__button elementor-button elementor-size-\">\n\t\t\t\t\t\tOdkryj\t\t\t\t\t<\/span>\n\t\t\t\t\t<\/div>\n\t\t\t\t\t\t\t<\/div>\n\t\t\t\t\t\t<\/a>\n\t\t\t\t\t\t<\/div>\n\t\t\t\t\t<\/div>\n\t\t<\/div>\n\t\t\t\t<div class=\"elementor-column elementor-col-50 elementor-top-column elementor-element elementor-element-deba2db\" data-id=\"deba2db\" data-element_type=\"column\" data-e-type=\"column\">\n\t\t\t<div class=\"elementor-widget-wrap elementor-element-populated\">\n\t\t\t\t\t\t<div class=\"elementor-element elementor-element-0096699 elementor-cta--skin-cover elementor-cta--valign-middle elementor-animated-content elementor-bg-transform elementor-bg-transform-zoom-in elementor-widget elementor-widget-call-to-action\" data-id=\"0096699\" data-element_type=\"widget\" data-e-type=\"widget\" data-widget_type=\"call-to-action.default\">\n\t\t\t\t\t\t\t<a class=\"elementor-cta\" href=\"https:\/\/btzmedical.com\/pl\/lemonbottle\/\">\n\t\t\t\t\t<div class=\"elementor-cta__bg-wrapper\">\n\t\t\t\t<div class=\"elementor-cta__bg elementor-bg\" style=\"background-image: url(https:\/\/btzmedical.com\/wp-content\/uploads\/2026\/02\/5f6d4d80b0d0977bced8cbdd0642968993ac00ff02c81a957355b12bd8c35e33.webp);\" role=\"img\" aria-label=\"lemonbottle\"><\/div>\n\t\t\t\t<div class=\"elementor-cta__bg-overlay\"><\/div>\n\t\t\t<\/div>\n\t\t\t\t\t\t\t<div class=\"elementor-cta__content\">\n\t\t\t\t\n\t\t\t\t\t\t\t\t\t<h3 class=\"elementor-cta__title elementor-cta__content-item elementor-content-item elementor-animated-item--grow\">\n\t\t\t\t\t\tLemonbottle\t\t\t\t\t<\/h3>\n\t\t\t\t\n\t\t\t\t\n\t\t\t\t\t\t\t\t\t<div class=\"elementor-cta__button-wrapper elementor-cta__content-item elementor-content-item elementor-animated-item--grow\">\n\t\t\t\t\t<span class=\"elementor-cta__button elementor-button elementor-size-\">\n\t\t\t\t\t\tOdkryj\t\t\t\t\t<\/span>\n\t\t\t\t\t<\/div>\n\t\t\t\t\t\t\t<\/div>\n\t\t\t\t\t\t<\/a>\n\t\t\t\t\t\t<\/div>\n\t\t\t\t\t<\/div>\n\t\t<\/div>\n\t\t\t\t\t<\/div>\n\t\t<\/section>\n\t\t\t\t<section class=\"elementor-section elementor-top-section elementor-element elementor-element-0fed4b8 elementor-section-boxed elementor-section-height-default elementor-section-height-default\" data-id=\"0fed4b8\" data-element_type=\"section\" data-e-type=\"section\" data-settings=\"{&quot;background_background&quot;:&quot;classic&quot;}\">\n\t\t\t\t\t\t<div class=\"elementor-container elementor-column-gap-narrow\">\n\t\t\t\t\t<div class=\"elementor-column elementor-col-50 elementor-top-column elementor-element elementor-element-17f6552\" data-id=\"17f6552\" data-element_type=\"column\" data-e-type=\"column\">\n\t\t\t<div class=\"elementor-widget-wrap elementor-element-populated\">\n\t\t\t\t\t\t<div class=\"elementor-element elementor-element-2204b87 elementor-cta--skin-cover elementor-cta--valign-middle elementor-animated-content elementor-bg-transform elementor-bg-transform-zoom-in elementor-widget elementor-widget-call-to-action\" data-id=\"2204b87\" data-element_type=\"widget\" data-e-type=\"widget\" data-widget_type=\"call-to-action.default\">\n\t\t\t\t\t\t\t<a class=\"elementor-cta\" href=\"https:\/\/btzmedical.com\/lumifill\/\">\n\t\t\t\t\t<div class=\"elementor-cta__bg-wrapper\">\n\t\t\t\t<div class=\"elementor-cta__bg elementor-bg\" style=\"background-image: url(https:\/\/btzmedical.com\/wp-content\/uploads\/2026\/02\/IMGL0373.webp);\" role=\"img\" aria-label=\"lumifil\"><\/div>\n\t\t\t\t<div class=\"elementor-cta__bg-overlay\"><\/div>\n\t\t\t<\/div>\n\t\t\t\t\t\t\t<div class=\"elementor-cta__content\">\n\t\t\t\t\n\t\t\t\t\t\t\t\t\t<h3 class=\"elementor-cta__title elementor-cta__content-item elementor-content-item elementor-animated-item--grow\">\n\t\t\t\t\t\tLumifil\t\t\t\t\t<\/h3>\n\t\t\t\t\n\t\t\t\t\n\t\t\t\t\t\t\t\t\t<div class=\"elementor-cta__button-wrapper elementor-cta__content-item elementor-content-item elementor-animated-item--grow\">\n\t\t\t\t\t<span class=\"elementor-cta__button elementor-button elementor-size-\">\n\t\t\t\t\t\tOdkryj\t\t\t\t\t<\/span>\n\t\t\t\t\t<\/div>\n\t\t\t\t\t\t\t<\/div>\n\t\t\t\t\t\t<\/a>\n\t\t\t\t\t\t<\/div>\n\t\t\t\t\t<\/div>\n\t\t<\/div>\n\t\t\t\t<div class=\"elementor-column elementor-col-50 elementor-top-column elementor-element elementor-element-4e35fef\" data-id=\"4e35fef\" data-element_type=\"column\" data-e-type=\"column\">\n\t\t\t<div class=\"elementor-widget-wrap elementor-element-populated\">\n\t\t\t\t\t\t<div class=\"elementor-element elementor-element-16670ef elementor-cta--skin-cover elementor-cta--valign-middle elementor-animated-content elementor-bg-transform elementor-bg-transform-zoom-in elementor-widget elementor-widget-call-to-action\" data-id=\"16670ef\" data-element_type=\"widget\" data-e-type=\"widget\" data-widget_type=\"call-to-action.default\">\n\t\t\t\t\t\t\t<a class=\"elementor-cta\" href=\"https:\/\/btzmedical.com\/seventy-hyal\/\">\n\t\t\t\t\t<div class=\"elementor-cta__bg-wrapper\">\n\t\t\t\t<div class=\"elementor-cta__bg elementor-bg\" style=\"background-image: url(https:\/\/btzmedical.com\/wp-content\/uploads\/2026\/02\/Capture-decran-2025-12-09-a-12.13.39.webp);\" role=\"img\" aria-label=\"seventy hyal\"><\/div>\n\t\t\t\t<div class=\"elementor-cta__bg-overlay\"><\/div>\n\t\t\t<\/div>\n\t\t\t\t\t\t\t<div class=\"elementor-cta__content\">\n\t\t\t\t\n\t\t\t\t\t\t\t\t\t<h3 class=\"elementor-cta__title elementor-cta__content-item elementor-content-item elementor-animated-item--grow\">\n\t\t\t\t\t\tSeventy Hyal\t\t\t\t\t<\/h3>\n\t\t\t\t\n\t\t\t\t\n\t\t\t\t\t\t\t\t\t<div class=\"elementor-cta__button-wrapper elementor-cta__content-item elementor-content-item elementor-animated-item--grow\">\n\t\t\t\t\t<span class=\"elementor-cta__button elementor-button elementor-size-\">\n\t\t\t\t\t\tOdkryj\t\t\t\t\t<\/span>\n\t\t\t\t\t<\/div>\n\t\t\t\t\t\t\t<\/div>\n\t\t\t\t\t\t<\/a>\n\t\t\t\t\t\t<\/div>\n\t\t\t\t\t<\/div>\n\t\t<\/div>\n\t\t\t\t\t<\/div>\n\t\t<\/section>\n\t\t<div class=\"elementor-element elementor-element-bd9320b e-flex e-con-boxed elementor-invisible e-con e-parent\" data-id=\"bd9320b\" data-element_type=\"container\" data-e-type=\"container\" data-settings=\"{&quot;animation&quot;:&quot;fadeIn&quot;}\">\n\t\t\t\t\t<div class=\"e-con-inner\">\n\t\t\t\t<div class=\"elementor-element elementor-element-37b5aef elementor-widget elementor-widget-heading\" data-id=\"37b5aef\" data-element_type=\"widget\" data-e-type=\"widget\" data-widget_type=\"heading.default\">\n\t\t\t\t\t<h4 class=\"elementor-heading-title elementor-size-default\">skontaktuj si\u0119 z nami<\/h4>\t\t\t\t<\/div>\n\t\t\t\t<div class=\"elementor-element elementor-element-8cc6316 elementor-widget__width-initial elementor-widget elementor-widget-text-editor\" data-id=\"8cc6316\" data-element_type=\"widget\" data-e-type=\"widget\" data-widget_type=\"text-editor.default\">\n\t\t\t\t\t\t\t\t\t<p class=\"p1\">Nasz zesp\u00f3\u0142 oferuje najlepsze produkty pod wzgl\u0119dem stosunku jako\u015bci do ceny w zakresie preparat\u00f3w iniekcyjnych.<\/p><p class=\"p1\">Wsp\u00f3\u0142pracujemy z najwi\u0119kszymi laboratoriami. Prosimy o kontakt w celu uzyskania dodatkowych informacji \u2013 nasz zesp\u00f3\u0142 z przyjemno\u015bci\u0105 pomo\u017ce Pa\u0144stwu w poszukiwaniach. WA\u017bNE: Nasze produkty s\u0105 przeznaczone wy\u0142\u0105cznie dla profesjonalist\u00f3w z bran\u017cy medycznej, dystrybutor\u00f3w\/hurtowni medycznych, szpitali, klinik i aptek.  <\/p>\t\t\t\t\t\t\t\t<\/div>\n\t\t\t\t<div class=\"elementor-element elementor-element-b657af9 elementor-widget__width-initial elementor-button-align-stretch elementor-widget elementor-widget-form\" data-id=\"b657af9\" data-element_type=\"widget\" data-e-type=\"widget\" data-settings=\"{&quot;step_next_label&quot;:&quot;Nast\\u0119pny&quot;,&quot;step_previous_label&quot;:&quot;Poprzedni&quot;,&quot;button_width&quot;:&quot;100&quot;,&quot;step_type&quot;:&quot;number_text&quot;,&quot;step_icon_shape&quot;:&quot;circle&quot;}\" data-widget_type=\"form.default\">\n\t\t\t\t\t\t\t<form class=\"elementor-form\" method=\"post\" name=\"Nowy formularz\" aria-label=\"Nowy formularz\">\n\t\t\t<input type=\"hidden\" name=\"post_id\" value=\"1742\"\/>\n\t\t\t<input type=\"hidden\" name=\"form_id\" value=\"b657af9\"\/>\n\t\t\t<input type=\"hidden\" name=\"referer_title\" value=\"Strona g\u0142\u00f3wna - Btz medical\" \/>\n\n\t\t\t\t\t\t\t<input type=\"hidden\" name=\"queried_id\" value=\"1742\"\/>\n\t\t\t\n\t\t\t<div class=\"elementor-form-fields-wrapper elementor-labels-above\">\n\t\t\t\t\t\t\t\t<div class=\"elementor-field-type-text elementor-field-group elementor-column elementor-field-group-name elementor-col-100\">\n\t\t\t\t\t\t\t\t\t\t\t\t\t<input size=\"1\" type=\"text\" name=\"form_fields[name]\" id=\"form-field-name\" class=\"elementor-field elementor-size-sm  elementor-field-textual\" placeholder=\"Nazwisko\">\n\t\t\t\t\t\t\t\t\t\t\t<\/div>\n\t\t\t\t\t\t\t\t<div class=\"elementor-field-type-email elementor-field-group elementor-column elementor-field-group-email elementor-col-100 elementor-field-required\">\n\t\t\t\t\t\t\t\t\t\t\t\t\t<input size=\"1\" type=\"email\" name=\"form_fields[email]\" id=\"form-field-email\" class=\"elementor-field elementor-size-sm  elementor-field-textual\" placeholder=\"E-mail\" required=\"required\">\n\t\t\t\t\t\t\t\t\t\t\t<\/div>\n\t\t\t\t\t\t\t\t<div class=\"elementor-field-type-textarea elementor-field-group elementor-column elementor-field-group-message elementor-col-100\">\n\t\t\t\t\t<textarea class=\"elementor-field-textual elementor-field  elementor-size-sm\" name=\"form_fields[message]\" id=\"form-field-message\" rows=\"4\" placeholder=\"Wiadomo\u015b\u0107\"><\/textarea>\t\t\t\t<\/div>\n\t\t\t\t\t\t\t\t<div class=\"elementor-field-group elementor-column elementor-field-type-submit elementor-col-100 e-form__buttons\">\n\t\t\t\t\t<button class=\"elementor-button elementor-size-xs\" type=\"submit\">\n\t\t\t\t\t\t<span class=\"elementor-button-content-wrapper\">\n\t\t\t\t\t\t\t\t\t\t\t\t\t\t\t\t\t\t\t\t\t\t<span class=\"elementor-button-text\">Wy\u015blij<\/span>\n\t\t\t\t\t\t\t\t\t\t\t\t\t<\/span>\n\t\t\t\t\t<\/button>\n\t\t\t\t<\/div>\n\t\t\t<\/div>\n\t\t<\/form>\n\t\t\t\t\t\t<\/div>\n\t\t\t\t\t<\/div>\n\t\t\t\t<\/div>\n\t\t\t\t<\/div>\n\t\t","protected":false},"excerpt":{"rendered":"<p>firma dystrybucyjna btz medical aesthetics BTZ Medical Supplies jest jednym z mi\u0119dzynarodowych lider\u00f3w w dystrybucji hurtowej i detalicznej produkt\u00f3w estetycznych oraz urz\u0105dze\u0144 medycznych pochodz\u0105cych od najwi\u0119kszych marek na rynku. Z siedzib\u0105 we Francji i dzia\u0142alno\u015bci\u0105 mi\u0119dzynarodow\u0105, nasza firma wspiera profesjonalist\u00f3w z bran\u017cy estetycznej, medycznej i wellness, oferuj\u0105c im bezpieczny, szybki i niezawodny dost\u0119p do szerokiej [&hellip;]<\/p>\n","protected":false},"author":1,"featured_media":0,"parent":0,"menu_order":0,"comment_status":"closed","ping_status":"closed","template":"","meta":{"_joinchat":[],"footnotes":""},"class_list":["post-1742","page","type-page","status-publish","hentry"],"_links":{"self":[{"href":"https:\/\/btzmedical.com\/pl\/wp-json\/wp\/v2\/pages\/1742","targetHints":{"allow":["GET"]}}],"collection":[{"href":"https:\/\/btzmedical.com\/pl\/wp-json\/wp\/v2\/pages"}],"about":[{"href":"https:\/\/btzmedical.com\/pl\/wp-json\/wp\/v2\/types\/page"}],"author":[{"embeddable":true,"href":"https:\/\/btzmedical.com\/pl\/wp-json\/wp\/v2\/users\/1"}],"replies":[{"embeddable":true,"href":"https:\/\/btzmedical.com\/pl\/wp-json\/wp\/v2\/comments?post=1742"}],"version-history":[{"count":1,"href":"https:\/\/btzmedical.com\/pl\/wp-json\/wp\/v2\/pages\/1742\/revisions"}],"predecessor-version":[{"id":1783,"href":"https:\/\/btzmedical.com\/pl\/wp-json\/wp\/v2\/pages\/1742\/revisions\/1783"}],"wp:attachment":[{"href":"https:\/\/btzmedical.com\/pl\/wp-json\/wp\/v2\/media?parent=1742"}],"curies":[{"name":"wp","href":"https:\/\/api.w.org\/{rel}","templated":true}]}}