{"id":1822,"date":"2025-11-18T15:23:59","date_gmt":"2025-11-18T15:23:59","guid":{"rendered":"https:\/\/btzmedical.com\/lumifil\/"},"modified":"2026-03-02T13:38:52","modified_gmt":"2026-03-02T13:38:52","slug":"lumifil","status":"publish","type":"page","link":"https:\/\/btzmedical.com\/pl\/lumifil\/","title":{"rendered":"Lumifil"},"content":{"rendered":"\t\t<div data-elementor-type=\"wp-page\" data-elementor-id=\"1822\" class=\"elementor elementor-1822 elementor-53\" data-elementor-post-type=\"page\">\n\t\t\t\t<div class=\"elementor-element elementor-element-4a533303 e-flex e-con-boxed elementor-invisible e-con e-parent\" data-id=\"4a533303\" data-element_type=\"container\" data-e-type=\"container\" data-settings=\"{&quot;animation&quot;:&quot;fadeIn&quot;}\">\n\t\t\t\t\t<div class=\"e-con-inner\">\n\t\t<div class=\"elementor-element elementor-element-642d9c51 e-con-full e-flex e-con e-child\" data-id=\"642d9c51\" data-element_type=\"container\" data-e-type=\"container\">\n\t\t\t\t<div class=\"elementor-element elementor-element-5dfd8a44 elementor-widget elementor-widget-heading\" data-id=\"5dfd8a44\" data-element_type=\"widget\" data-e-type=\"widget\" data-widget_type=\"heading.default\">\n\t\t\t\t\t<h2 class=\"elementor-heading-title elementor-size-default\">LUMIFIL L-Max z lidokain\u0105<\/h2>\t\t\t\t<\/div>\n\t\t\t\t<div class=\"elementor-element elementor-element-5c44a8e5 elementor-widget elementor-widget-text-editor\" data-id=\"5c44a8e5\" data-element_type=\"widget\" data-e-type=\"widget\" data-widget_type=\"text-editor.default\">\n\t\t\t\t\t\t\t\t\t<p class=\"p1\">Idealny do zastosowa\u0144 podsk\u00f3rnych (Sub-Q), w tym powi\u0119kszania nosa, ko\u015bci policzkowych, \u017cuchwy i podbr\u00f3dka, LUMIFIL Max jest najg\u0119stszym i najbardziej trwa\u0142ym produktem w linii LUMIFIL. Stanowi idealny wyb\u00f3r do powi\u0119kszania twarzy, gdy konieczne jest stworzenie g\u0142\u0119bokich i dobrze zdefiniowanych struktur. <\/p><p class=\"p1\">LUMIFIL Max to wype\u0142niacz sk\u00f3rny na bazie kwasu hialuronowego (HA) o ultra-wysokiej czysto\u015bci.<\/p><p class=\"p1\">Efekty utrzymuj\u0105 si\u0119 przez oko\u0142o 9\u201315 miesi\u0119cy.<\/p>\t\t\t\t\t\t\t\t<\/div>\n\t\t\t\t<\/div>\n\t\t<div class=\"elementor-element elementor-element-3951b894 e-con-full e-flex e-con e-child\" data-id=\"3951b894\" data-element_type=\"container\" data-e-type=\"container\">\n\t\t\t\t<div class=\"elementor-element elementor-element-41fffaee elementor-widget elementor-widget-image\" data-id=\"41fffaee\" data-element_type=\"widget\" data-e-type=\"widget\" data-widget_type=\"image.default\">\n\t\t\t\t\t\t\t\t\t\t\t\t\t\t\t<img fetchpriority=\"high\" decoding=\"async\" width=\"780\" height=\"780\" src=\"https:\/\/btzmedical.com\/wp-content\/uploads\/2026\/02\/IMGL0360.webp\" class=\"attachment-large size-large wp-image-1826\" alt=\"lumifil l max z kodain\u0105\" srcset=\"https:\/\/btzmedical.com\/wp-content\/uploads\/2026\/02\/IMGL0360.webp 780w, https:\/\/btzmedical.com\/wp-content\/uploads\/2026\/02\/IMGL0360-300x300.webp 300w, https:\/\/btzmedical.com\/wp-content\/uploads\/2026\/02\/IMGL0360-150x150.webp 150w, https:\/\/btzmedical.com\/wp-content\/uploads\/2026\/02\/IMGL0360-768x768.webp 768w\" sizes=\"(max-width: 780px) 100vw, 780px\" \/>\t\t\t\t\t\t\t\t\t\t\t\t\t\t\t<\/div>\n\t\t\t\t<\/div>\n\t\t\t\t\t<\/div>\n\t\t\t\t<\/div>\n\t\t<div class=\"elementor-element elementor-element-4b808cc7 elementor-hidden-tablet elementor-hidden-mobile e-flex e-con-boxed elementor-invisible e-con e-parent\" data-id=\"4b808cc7\" data-element_type=\"container\" data-e-type=\"container\" data-settings=\"{&quot;animation&quot;:&quot;fadeIn&quot;}\">\n\t\t\t\t\t<div class=\"e-con-inner\">\n\t\t<div class=\"elementor-element elementor-element-1b47bdcd e-con-full e-flex e-con e-child\" data-id=\"1b47bdcd\" data-element_type=\"container\" data-e-type=\"container\">\n\t\t\t\t<div class=\"elementor-element elementor-element-119e5b3e elementor-widget elementor-widget-image\" data-id=\"119e5b3e\" data-element_type=\"widget\" data-e-type=\"widget\" data-widget_type=\"image.default\">\n\t\t\t\t\t\t\t\t\t\t\t\t\t\t\t<img decoding=\"async\" width=\"800\" height=\"800\" src=\"https:\/\/btzmedical.com\/wp-content\/uploads\/2026\/02\/IMGL0373-1.webp\" class=\"attachment-large size-large wp-image-1827\" alt=\"LUMIFIL L-Lite z lidokain\u0105\" srcset=\"https:\/\/btzmedical.com\/wp-content\/uploads\/2026\/02\/IMGL0373-1.webp 822w, https:\/\/btzmedical.com\/wp-content\/uploads\/2026\/02\/IMGL0373-1-300x300.webp 300w, https:\/\/btzmedical.com\/wp-content\/uploads\/2026\/02\/IMGL0373-1-150x150.webp 150w, https:\/\/btzmedical.com\/wp-content\/uploads\/2026\/02\/IMGL0373-1-768x768.webp 768w\" sizes=\"(max-width: 800px) 100vw, 800px\" \/>\t\t\t\t\t\t\t\t\t\t\t\t\t\t\t<\/div>\n\t\t\t\t<\/div>\n\t\t<div class=\"elementor-element elementor-element-6d420aef e-con-full e-flex e-con e-child\" data-id=\"6d420aef\" data-element_type=\"container\" data-e-type=\"container\">\n\t\t\t\t<div class=\"elementor-element elementor-element-5ada40d elementor-widget elementor-widget-heading\" data-id=\"5ada40d\" data-element_type=\"widget\" data-e-type=\"widget\" data-widget_type=\"heading.default\">\n\t\t\t\t\t<h2 class=\"elementor-heading-title elementor-size-default\">LUMIFIL L-Lite z lidokain\u0105<\/h2>\t\t\t\t<\/div>\n\t\t\t\t<div class=\"elementor-element elementor-element-558bb23 elementor-widget elementor-widget-text-editor\" data-id=\"558bb23\" data-element_type=\"widget\" data-e-type=\"widget\" data-widget_type=\"text-editor.default\">\n\t\t\t\t\t\t\t\t\t<p><span style=\"font-weight: 400;\">Idealny wyb\u00f3r do zabieg\u00f3w ust z precyzyjnym wykonaniem.<\/span><\/p><p><span style=\"font-weight: 400;\">LUMIFIL Lite to ultra-cienki \u017cel wype\u0142niaj\u0105cy na bazie kwasu hialuronowego o niskiej lepko\u015bci, przeznaczony do leczenia drobnych zmarszczek, takich jak kurze \u0142apki, zmarszczki wok\u00f3\u0142 ust, powi\u0119kszania ust oraz delikatnych zmarszczek na czole.<\/span><\/p><p><span style=\"font-weight: 400;\">Doskonale dostosowany r\u00f3wnie\u017c do klasycznych i rosyjskich technik ust, ten wype\u0142niacz jest idealny do precyzyjnej pracy detalistycznej i ukierunkowanego remodelingu, umo\u017cliwiaj\u0105c stworzenie wi\u0119kszej obj\u0119to\u015bci i naturalnego efektu liftinguj\u0105cego.<\/span><\/p><p><span style=\"font-weight: 400;\">Rezultaty utrzymuj\u0105 si\u0119 przez oko\u0142o 12\u201315 miesi\u0119cy, w zale\u017cno\u015bci od indywidualnych cech ka\u017cdego pacjenta.<\/span><\/p>\t\t\t\t\t\t\t\t<\/div>\n\t\t\t\t<\/div>\n\t\t\t\t\t<\/div>\n\t\t\t\t<\/div>\n\t\t<div class=\"elementor-element elementor-element-bc65caf elementor-hidden-desktop elementor-hidden-tablet e-flex e-con-boxed elementor-invisible e-con e-parent\" data-id=\"bc65caf\" data-element_type=\"container\" data-e-type=\"container\" data-settings=\"{&quot;animation&quot;:&quot;fadeIn&quot;}\">\n\t\t\t\t\t<div class=\"e-con-inner\">\n\t\t<div class=\"elementor-element elementor-element-0b65746 e-con-full e-flex e-con e-child\" data-id=\"0b65746\" data-element_type=\"container\" data-e-type=\"container\">\n\t\t\t\t<div class=\"elementor-element elementor-element-2db3e1b elementor-widget elementor-widget-heading\" data-id=\"2db3e1b\" data-element_type=\"widget\" data-e-type=\"widget\" data-widget_type=\"heading.default\">\n\t\t\t\t\t<h2 class=\"elementor-heading-title elementor-size-default\">LUMIFIL L-Lite z lidokain\u0105<\/h2>\t\t\t\t<\/div>\n\t\t\t\t<div class=\"elementor-element elementor-element-9d6658f elementor-widget elementor-widget-text-editor\" data-id=\"9d6658f\" data-element_type=\"widget\" data-e-type=\"widget\" data-widget_type=\"text-editor.default\">\n\t\t\t\t\t\t\t\t\t<p><span style=\"font-weight: 400;\">Idealny wyb\u00f3r do zabieg\u00f3w ust z precyzyjnym wykonaniem.<\/span><\/p><p><span style=\"font-weight: 400;\">LUMIFIL Lite to ultra-cienki \u017cel wype\u0142niaj\u0105cy na bazie kwasu hialuronowego o niskiej lepko\u015bci, przeznaczony do leczenia drobnych zmarszczek, takich jak kurze \u0142apki, zmarszczki wok\u00f3\u0142 ust, powi\u0119kszania ust oraz delikatnych zmarszczek na czole.<\/span><\/p><p><span style=\"font-weight: 400;\">Doskonale dostosowany r\u00f3wnie\u017c do klasycznych i rosyjskich technik ust, ten wype\u0142niacz jest idealny do precyzyjnej pracy detalistycznej i ukierunkowanego remodelingu, umo\u017cliwiaj\u0105c stworzenie wi\u0119kszej obj\u0119to\u015bci i naturalnego efektu liftinguj\u0105cego.<\/span><\/p><p><span style=\"font-weight: 400;\">Rezultaty utrzymuj\u0105 si\u0119 przez oko\u0142o 12\u201315 miesi\u0119cy, w zale\u017cno\u015bci od indywidualnych cech ka\u017cdego pacjenta.<\/span><\/p>\t\t\t\t\t\t\t\t<\/div>\n\t\t\t\t<\/div>\n\t\t<div class=\"elementor-element elementor-element-c0d8cc0 e-con-full e-flex e-con e-child\" data-id=\"c0d8cc0\" data-element_type=\"container\" data-e-type=\"container\">\n\t\t\t\t<div class=\"elementor-element elementor-element-fef6680 elementor-widget elementor-widget-image\" data-id=\"fef6680\" data-element_type=\"widget\" data-e-type=\"widget\" data-widget_type=\"image.default\">\n\t\t\t\t\t\t\t\t\t\t\t\t\t\t\t<img decoding=\"async\" width=\"800\" height=\"800\" src=\"https:\/\/btzmedical.com\/wp-content\/uploads\/2026\/02\/IMGL0373-1.webp\" class=\"attachment-large size-large wp-image-1827\" alt=\"LUMIFIL L-Lite z lidokain\u0105\" srcset=\"https:\/\/btzmedical.com\/wp-content\/uploads\/2026\/02\/IMGL0373-1.webp 822w, https:\/\/btzmedical.com\/wp-content\/uploads\/2026\/02\/IMGL0373-1-300x300.webp 300w, https:\/\/btzmedical.com\/wp-content\/uploads\/2026\/02\/IMGL0373-1-150x150.webp 150w, https:\/\/btzmedical.com\/wp-content\/uploads\/2026\/02\/IMGL0373-1-768x768.webp 768w\" sizes=\"(max-width: 800px) 100vw, 800px\" \/>\t\t\t\t\t\t\t\t\t\t\t\t\t\t\t<\/div>\n\t\t\t\t<\/div>\n\t\t\t\t\t<\/div>\n\t\t\t\t<\/div>\n\t\t<div class=\"elementor-element elementor-element-5b9914b e-flex e-con-boxed elementor-invisible e-con e-parent\" data-id=\"5b9914b\" data-element_type=\"container\" data-e-type=\"container\" data-settings=\"{&quot;animation&quot;:&quot;fadeIn&quot;}\">\n\t\t\t\t\t<div class=\"e-con-inner\">\n\t\t<div class=\"elementor-element elementor-element-2fd7944 e-con-full e-flex e-con e-child\" data-id=\"2fd7944\" data-element_type=\"container\" data-e-type=\"container\">\n\t\t\t\t<div class=\"elementor-element elementor-element-7900787 elementor-widget elementor-widget-heading\" data-id=\"7900787\" data-element_type=\"widget\" data-e-type=\"widget\" data-widget_type=\"heading.default\">\n\t\t\t\t\t<h2 class=\"elementor-heading-title elementor-size-default\">LUMIFIL L-Kiss z lidokain\u0105<\/h2>\t\t\t\t<\/div>\n\t\t\t\t<div class=\"elementor-element elementor-element-c4e8150 elementor-widget elementor-widget-text-editor\" data-id=\"c4e8150\" data-element_type=\"widget\" data-e-type=\"widget\" data-widget_type=\"text-editor.default\">\n\t\t\t\t\t\t\t\t\t<p class=\"p1\">Idealny \u017cel wype\u0142niaj\u0105cy na bazie kwasu hialuronowego do powi\u0119kszania ust oraz obszar\u00f3w wymagaj\u0105cych grubszej tekstury i wy\u017cszej lepko\u015bci.<\/p><p class=\"p1\">LUMIFIL Kiss mo\u017ce by\u0107 r\u00f3wnie\u017c stosowany w okolicy ko\u015bci policzkowych, podbr\u00f3dka i bruzd nosowo-wargowych, w zale\u017cno\u015bci od charakteru i g\u0142\u0119boko\u015bci zmarszczek.<\/p><p class=\"p1\">Rezultaty utrzymuj\u0105 si\u0119 przez oko\u0142o 9\u201312 miesi\u0119cy.<\/p>\t\t\t\t\t\t\t\t<\/div>\n\t\t\t\t<\/div>\n\t\t<div class=\"elementor-element elementor-element-40c32ae e-con-full e-flex e-con e-child\" data-id=\"40c32ae\" data-element_type=\"container\" data-e-type=\"container\">\n\t\t\t\t<div class=\"elementor-element elementor-element-bf8ab17 elementor-widget elementor-widget-image\" data-id=\"bf8ab17\" data-element_type=\"widget\" data-e-type=\"widget\" data-widget_type=\"image.default\">\n\t\t\t\t\t\t\t\t\t\t\t\t\t\t\t<img decoding=\"async\" width=\"758\" height=\"758\" src=\"https:\/\/btzmedical.com\/wp-content\/uploads\/2026\/02\/IMGL0382.webp\" class=\"attachment-large size-large wp-image-1828\" alt=\"LUMIFIL L-Kiss z lidokain\u0105\" srcset=\"https:\/\/btzmedical.com\/wp-content\/uploads\/2026\/02\/IMGL0382.webp 758w, https:\/\/btzmedical.com\/wp-content\/uploads\/2026\/02\/IMGL0382-300x300.webp 300w, https:\/\/btzmedical.com\/wp-content\/uploads\/2026\/02\/IMGL0382-150x150.webp 150w\" sizes=\"(max-width: 758px) 100vw, 758px\" \/>\t\t\t\t\t\t\t\t\t\t\t\t\t\t\t<\/div>\n\t\t\t\t<\/div>\n\t\t\t\t\t<\/div>\n\t\t\t\t<\/div>\n\t\t<div class=\"elementor-element elementor-element-6a998f57 e-flex e-con-boxed e-con e-parent\" data-id=\"6a998f57\" data-element_type=\"container\" data-e-type=\"container\" data-settings=\"{&quot;background_background&quot;:&quot;classic&quot;}\">\n\t\t\t\t\t<div class=\"e-con-inner\">\n\t\t<div class=\"elementor-element elementor-element-25d5500e e-con-full e-flex e-con e-child\" data-id=\"25d5500e\" data-element_type=\"container\" data-e-type=\"container\" data-settings=\"{&quot;background_background&quot;:&quot;classic&quot;}\">\n\t\t\t\t<div class=\"elementor-element elementor-element-9b56152 elementor-widget elementor-widget-heading\" data-id=\"9b56152\" data-element_type=\"widget\" data-e-type=\"widget\" data-widget_type=\"heading.default\">\n\t\t\t\t\t<h2 class=\"elementor-heading-title elementor-size-default\">Skontaktuj si\u0119 z nami<\/h2>\t\t\t\t<\/div>\n\t\t\t\t<div class=\"elementor-element elementor-element-553fb43f elementor-widget elementor-widget-text-editor\" data-id=\"553fb43f\" data-element_type=\"widget\" data-e-type=\"widget\" data-widget_type=\"text-editor.default\">\n\t\t\t\t\t\t\t\t\t<p class=\"p1\">W przypadku jakichkolwiek pyta\u0144 lub zapyta\u0144 dotycz\u0105cych naszych produkt\u00f3w,<br><span class=\"s1\">\ud83d\udce9<\/span> <b>info@btzmedical.com<br><\/b>Nasz zesp\u00f3\u0142 z przyjemno\u015bci\u0105 odpowie na Pa\u0144stwa pytania.<\/p>\t\t\t\t\t\t\t\t<\/div>\n\t\t\t\t<div class=\"elementor-element elementor-element-37b7b7ae elementor-mobile-align-center elementor-align-center elementor-widget elementor-widget-button\" data-id=\"37b7b7ae\" data-element_type=\"widget\" data-e-type=\"widget\" data-widget_type=\"button.default\">\n\t\t\t\t\t\t\t\t\t\t<a class=\"elementor-button elementor-button-link elementor-size-sm\" href=\"https:\/\/btzmedical.com\/pl\/kontakt\/\">\n\t\t\t\t\t\t<span class=\"elementor-button-content-wrapper\">\n\t\t\t\t\t\t\t\t\t<span class=\"elementor-button-text\">Kontakt<\/span>\n\t\t\t\t\t<\/span>\n\t\t\t\t\t<\/a>\n\t\t\t\t\t\t\t\t<\/div>\n\t\t\t\t<\/div>\n\t\t\t\t\t<\/div>\n\t\t\t\t<\/div>\n\t\t\t\t<\/div>\n\t\t","protected":false},"excerpt":{"rendered":"<p>LUMIFIL L-Max z lidokain\u0105 Idealny do zastosowa\u0144 podsk\u00f3rnych (Sub-Q), w tym powi\u0119kszania nosa, ko\u015bci policzkowych, \u017cuchwy i podbr\u00f3dka, LUMIFIL Max jest najg\u0119stszym i najbardziej trwa\u0142ym produktem w linii LUMIFIL. Stanowi idealny wyb\u00f3r do powi\u0119kszania twarzy, gdy konieczne jest stworzenie g\u0142\u0119bokich i dobrze zdefiniowanych struktur. LUMIFIL Max to wype\u0142niacz sk\u00f3rny na bazie kwasu hialuronowego (HA) o [&hellip;]<\/p>\n","protected":false},"author":1,"featured_media":0,"parent":0,"menu_order":0,"comment_status":"closed","ping_status":"closed","template":"","meta":{"_joinchat":[],"footnotes":""},"class_list":["post-1822","page","type-page","status-publish","hentry"],"_links":{"self":[{"href":"https:\/\/btzmedical.com\/pl\/wp-json\/wp\/v2\/pages\/1822","targetHints":{"allow":["GET"]}}],"collection":[{"href":"https:\/\/btzmedical.com\/pl\/wp-json\/wp\/v2\/pages"}],"about":[{"href":"https:\/\/btzmedical.com\/pl\/wp-json\/wp\/v2\/types\/page"}],"author":[{"embeddable":true,"href":"https:\/\/btzmedical.com\/pl\/wp-json\/wp\/v2\/users\/1"}],"replies":[{"embeddable":true,"href":"https:\/\/btzmedical.com\/pl\/wp-json\/wp\/v2\/comments?post=1822"}],"version-history":[{"count":1,"href":"https:\/\/btzmedical.com\/pl\/wp-json\/wp\/v2\/pages\/1822\/revisions"}],"predecessor-version":[{"id":1829,"href":"https:\/\/btzmedical.com\/pl\/wp-json\/wp\/v2\/pages\/1822\/revisions\/1829"}],"wp:attachment":[{"href":"https:\/\/btzmedical.com\/pl\/wp-json\/wp\/v2\/media?parent=1822"}],"curies":[{"name":"wp","href":"https:\/\/api.w.org\/{rel}","templated":true}]}}